{"id":2080,"date":"2017-05-04T08:04:22","date_gmt":"2017-05-04T08:04:22","guid":{"rendered":"http:\/\/silverscreen.edge-themes.com\/?page_id=2080"},"modified":"2023-10-23T11:56:06","modified_gmt":"2023-10-23T08:56:06","slug":"biyografi","status":"publish","type":"page","link":"https:\/\/mehmetadaoztekin.com\/index.php\/biyografi\/","title":{"rendered":"Biyografi"},"content":{"rendered":"<section class=\"wpb-content-wrapper\"><p>[vc_row css=&#8221;.vc_custom_1494580510911{padding-top: 90px !important;padding-bottom: 48px !important;background-position: center !important;background-repeat: no-repeat !important;background-size: cover !important;}&#8221;][vc_column][vc_row_inner content_width=&#8221;grid&#8221;][vc_column_inner offset=&#8221;vc_col-lg-offset-1 vc_col-lg-10&#8243; css=&#8221;.vc_custom_1494492638009{padding-right: 6% !important;padding-left: 6% !important;}&#8221;]\n<div class=\"edgtf-section-title edgtf-section-align-center\">\n    <div class=\"edgtf-st-inner\">\n        <div class=\"edgtf-st-title-holder\">\n            <h2 class=\"edgtf-st-title\" style=\"color: #151515\">\n                <span>Mehmet Ada \u00d6ztekin<\/span>\n            <\/h2>\n        <\/div>\n    <\/div>\n\n    <div class=\"edgtf-st-subtitle-holder\">\n        <h5 class=\"edgtf-st-subtitle\" >\n            <span><\/span>\n        <\/h5>\n    <\/div>\n\n    <div class=\"edgtf-st-separator-outer\">\n        <div class=\"edgtf-separator-holder clearfix  edgtf-separator-center\">\n\t<div class=\"edgtf-separator\" style=\"border-bottom-width: 2px;margin-top: 22px;margin-bottom: 21px\"><\/div>\n<\/div>\n    <\/div>\n\n    <div class=\"edgtf-st-text-holder\">\n        <span class=\"edgtf-st-text-text\"><\/p>\n<p class=\"623533f7ea2e5ae2MsoListParagraphCxSpFirst\"><span class=\"\">28 May\u0131s 1976 y\u0131l\u0131nda Antalya\u2019da do\u011fdu. 9 Eyl\u00fcl \u00dcniversitesi \u0130\u0130BF \u0130\u015fletme B\u00f6l\u00fcm\u00fcnde okudu. Bu y\u0131llarda radyoculuk yapmaya ba\u015flad\u0131. \u00dcniversite e\u011fitimine devam ederken \u0130stanbul\u2019da reklam prod\u00fcksiyonlar\u0131nda \u00e7al\u0131\u015fmaya ba\u015flad\u0131. 6:45 Yay\u0131nevi kurucusu ve Kaybedenler Kul\u00fcb\u00fc radyo program\u0131 yap\u0131mc\u0131s\u0131 Kaan \u00c7aydaml\u0131\u2019yla bu d\u00f6nem tan\u0131\u015ft\u0131.<\/span><span class=\"\">\u00a0<\/span><\/p>\n<p class=\"aaf57754bde2fa03MsoListParagraphCxSpMiddle\"><span class=\"\">Allen Ginsberg\u2019in Howl \u015fiiri odakl\u0131 deneysel k\u0131sa filmi Uluma, 2008 y\u0131l\u0131nda New York Newfilmmakers Film Festivali\u2019nde g\u00f6sterildi.<\/span><span class=\"\">\u00a0<\/span><\/p>\n<p class=\"aaf57754bde2fa03MsoListParagraphCxSpMiddle\"><span class=\"\">D\u00fcnyaca \u00fcnl\u00fc sanat\u00e7\u0131 Kutlu\u011f Ataman\u2019la \u00e7al\u0131\u015ft\u0131. Ataman\u2019\u0131n \u00fc\u00e7 video art projesinin yap\u0131mc\u0131l\u0131\u011f\u0131n\u0131 yapt\u0131. 2011 y\u0131l\u0131nda senaryosunu yazd\u0131\u011f\u0131 ve proje s\u00fcperviz\u00f6rl\u00fc\u011f\u00fcn\u00fc yapt\u0131\u011f\u0131 ilk filmi Kaybedenler Kul\u00fcb\u00fc vizyona \u00e7\u0131kt\u0131. Hemen ard\u0131ndan ilk dizi projesi Kuzey G\u00fcney\u2019i \u00e7ekti.<\/span><span class=\"\">\u00a0<\/span><\/p>\n<p class=\"aaf57754bde2fa03MsoListParagraphCxSpMiddle\"><span class=\"\">2019 y\u0131l\u0131nda \u00e7ekti\u011fi 7. Ko\u011fu\u015ftaki Mucize filmi t\u00fcm d\u00fcnyada \u00e7ok izlendi ve T\u00fcrkiye\u2019nin Oscar aday\u0131 oldu. 2021 y\u0131l\u0131nda Fransa\u2019da, t\u00fcm dijital platformlarda en \u00e7ok izlenen i\u00e7erik oldu.<\/span><span class=\"\">\u00a0<\/span><\/p>\n<p class=\"aaf57754bde2fa03MsoListParagraphCxSpMiddle\"><span class=\"\">2023 y\u0131l\u0131nda, T\u00fcrkiye Cumhuriyeti\u2019nin 100. Kurulu\u015f y\u0131l\u0131nda, cumhuriyetin kurucusu Mustafa Kemal Atat\u00fcrk\u2019\u00fcn hayat\u0131n\u0131n ilk d\u00f6neminin anlat\u0131ld\u0131\u011f\u0131 film, Atat\u00fcrk\u2019\u00fc \u00e7ekti.<\/span><span class=\"\">\u00a0<\/span><\/p>\n<p class=\"34b9ab6016af9506MsoListParagraphCxSpLast\"><span class=\"\">Rain Dogs Motosiklet Kul\u00fcb\u00fc\u2019n\u00fcn Kurucular\u0131ndand\u0131r.<\/span><\/p>\n<p><\/span>\n    <\/div>\n\n<\/div>[\/vc_column_inner][\/vc_row_inner][\/vc_column][\/vc_row]<\/p>\n<\/section>","protected":false},"excerpt":{"rendered":"<p>[vc_row css=&#8221;.vc_custom_1494580510911{padding-top: 90px !important;padding-bottom: 48px !important;background-position: center !important;background-repeat: no-repeat !important;background-size: cover !important;}&#8221;][vc_column][vc_row_inner content_width=&#8221;grid&#8221;][vc_column_inner offset=&#8221;vc_col-lg-offset-1 vc_col-lg-10&#8243; css=&#8221;.vc_custom_1494492638009{padding-right: 6% !important;padding-left: 6% !important;}&#8221;][\/vc_column_inner][\/vc_row_inner][\/vc_column][\/vc_row]<\/p>\n","protected":false},"author":1,"featured_media":0,"parent":0,"menu_order":0,"comment_status":"closed","ping_status":"closed","template":"full-width.php","meta":{"footnotes":""},"yoast_head":"<!-- This site is optimized with the Yoast SEO plugin v21.4 - https:\/\/yoast.com\/wordpress\/plugins\/seo\/ -->\n<title>Biyografi - Mehmet Ada \u00d6ztekin<\/title>\n<meta name=\"robots\" content=\"index, follow, max-snippet:-1, max-image-preview:large, max-video-preview:-1\" \/>\n<link rel=\"canonical\" href=\"https:\/\/mehmetadaoztekin.com\/index.php\/biyografi\/\" \/>\n<meta property=\"og:locale\" content=\"tr_TR\" \/>\n<meta property=\"og:type\" content=\"article\" \/>\n<meta property=\"og:title\" content=\"Biyografi - Mehmet Ada \u00d6ztekin\" \/>\n<meta property=\"og:description\" content=\"[vc_row css=&#8221;.vc_custom_1494580510911{padding-top: 90px !important;padding-bottom: 48px !important;background-position: center !important;background-repeat: no-repeat !important;background-size: cover !important;}&#8221;][vc_column][vc_row_inner content_width=&#8221;grid&#8221;][vc_column_inner offset=&#8221;vc_col-lg-offset-1 vc_col-lg-10&#8243; css=&#8221;.vc_custom_1494492638009{padding-right: 6% !important;padding-left: 6% !important;}&#8221;][\/vc_column_inner][\/vc_row_inner][\/vc_column][\/vc_row]\" \/>\n<meta property=\"og:url\" content=\"https:\/\/mehmetadaoztekin.com\/index.php\/biyografi\/\" \/>\n<meta property=\"og:site_name\" content=\"Mehmet Ada \u00d6ztekin\" \/>\n<meta property=\"article:modified_time\" content=\"2023-10-23T08:56:06+00:00\" \/>\n<meta property=\"og:image\" content=\"https:\/\/mehmetadaoztekin.com\/wp-content\/uploads\/2017\/05\/Ataturk_04.jpg\" \/>\n\t<meta property=\"og:image:width\" content=\"1080\" \/>\n\t<meta property=\"og:image:height\" content=\"1620\" \/>\n\t<meta property=\"og:image:type\" content=\"image\/jpeg\" \/>\n<meta name=\"twitter:card\" content=\"summary_large_image\" \/>\n<meta name=\"twitter:label1\" content=\"Tahmini okuma s\u00fcresi\" \/>\n\t<meta name=\"twitter:data1\" content=\"2 dakika\" \/>\n<script type=\"application\/ld+json\" class=\"yoast-schema-graph\">{\"@context\":\"https:\/\/schema.org\",\"@graph\":[{\"@type\":\"WebPage\",\"@id\":\"https:\/\/mehmetadaoztekin.com\/index.php\/biyografi\/\",\"url\":\"https:\/\/mehmetadaoztekin.com\/index.php\/biyografi\/\",\"name\":\"Biyografi - Mehmet Ada \u00d6ztekin\",\"isPartOf\":{\"@id\":\"https:\/\/mehmetadaoztekin.com\/#website\"},\"datePublished\":\"2017-05-04T08:04:22+00:00\",\"dateModified\":\"2023-10-23T08:56:06+00:00\",\"breadcrumb\":{\"@id\":\"https:\/\/mehmetadaoztekin.com\/index.php\/biyografi\/#breadcrumb\"},\"inLanguage\":\"tr\",\"potentialAction\":[{\"@type\":\"ReadAction\",\"target\":[\"https:\/\/mehmetadaoztekin.com\/index.php\/biyografi\/\"]}]},{\"@type\":\"BreadcrumbList\",\"@id\":\"https:\/\/mehmetadaoztekin.com\/index.php\/biyografi\/#breadcrumb\",\"itemListElement\":[{\"@type\":\"ListItem\",\"position\":1,\"name\":\"Anasayfa\",\"item\":\"https:\/\/mehmetadaoztekin.com\/\"},{\"@type\":\"ListItem\",\"position\":2,\"name\":\"Biyografi\"}]},{\"@type\":\"WebSite\",\"@id\":\"https:\/\/mehmetadaoztekin.com\/#website\",\"url\":\"https:\/\/mehmetadaoztekin.com\/\",\"name\":\"Mehmet Ada \u00d6ztekin\",\"description\":\"| Director\",\"publisher\":{\"@id\":\"https:\/\/mehmetadaoztekin.com\/#\/schema\/person\/7a1af24e8ae8da993f19880246de9191\"},\"potentialAction\":[{\"@type\":\"SearchAction\",\"target\":{\"@type\":\"EntryPoint\",\"urlTemplate\":\"https:\/\/mehmetadaoztekin.com\/?s={search_term_string}\"},\"query-input\":\"required name=search_term_string\"}],\"inLanguage\":\"tr\"},{\"@type\":[\"Person\",\"Organization\"],\"@id\":\"https:\/\/mehmetadaoztekin.com\/#\/schema\/person\/7a1af24e8ae8da993f19880246de9191\",\"name\":\"Mehmet Ada \u00d6ztekin\",\"image\":{\"@type\":\"ImageObject\",\"inLanguage\":\"tr\",\"@id\":\"https:\/\/mehmetadaoztekin.com\/#\/schema\/person\/image\/\",\"url\":\"https:\/\/mehmetadaoztekin.com\/wp-content\/uploads\/2017\/05\/Ataturk_04.jpg\",\"contentUrl\":\"https:\/\/mehmetadaoztekin.com\/wp-content\/uploads\/2017\/05\/Ataturk_04.jpg\",\"width\":1080,\"height\":1620,\"caption\":\"Mehmet Ada \u00d6ztekin\"},\"logo\":{\"@id\":\"https:\/\/mehmetadaoztekin.com\/#\/schema\/person\/image\/\"},\"sameAs\":[\"https:\/\/mehmetadaoztekin.com\"]}]}<\/script>\n<!-- \/ Yoast SEO plugin. -->","yoast_head_json":{"title":"Biyografi - Mehmet Ada \u00d6ztekin","robots":{"index":"index","follow":"follow","max-snippet":"max-snippet:-1","max-image-preview":"max-image-preview:large","max-video-preview":"max-video-preview:-1"},"canonical":"https:\/\/mehmetadaoztekin.com\/index.php\/biyografi\/","og_locale":"tr_TR","og_type":"article","og_title":"Biyografi - Mehmet Ada \u00d6ztekin","og_description":"[vc_row css=&#8221;.vc_custom_1494580510911{padding-top: 90px !important;padding-bottom: 48px !important;background-position: center !important;background-repeat: no-repeat !important;background-size: cover !important;}&#8221;][vc_column][vc_row_inner content_width=&#8221;grid&#8221;][vc_column_inner offset=&#8221;vc_col-lg-offset-1 vc_col-lg-10&#8243; css=&#8221;.vc_custom_1494492638009{padding-right: 6% !important;padding-left: 6% !important;}&#8221;][\/vc_column_inner][\/vc_row_inner][\/vc_column][\/vc_row]","og_url":"https:\/\/mehmetadaoztekin.com\/index.php\/biyografi\/","og_site_name":"Mehmet Ada \u00d6ztekin","article_modified_time":"2023-10-23T08:56:06+00:00","og_image":[{"width":1080,"height":1620,"url":"https:\/\/mehmetadaoztekin.com\/wp-content\/uploads\/2017\/05\/Ataturk_04.jpg","type":"image\/jpeg"}],"twitter_card":"summary_large_image","twitter_misc":{"Tahmini okuma s\u00fcresi":"2 dakika"},"schema":{"@context":"https:\/\/schema.org","@graph":[{"@type":"WebPage","@id":"https:\/\/mehmetadaoztekin.com\/index.php\/biyografi\/","url":"https:\/\/mehmetadaoztekin.com\/index.php\/biyografi\/","name":"Biyografi - Mehmet Ada \u00d6ztekin","isPartOf":{"@id":"https:\/\/mehmetadaoztekin.com\/#website"},"datePublished":"2017-05-04T08:04:22+00:00","dateModified":"2023-10-23T08:56:06+00:00","breadcrumb":{"@id":"https:\/\/mehmetadaoztekin.com\/index.php\/biyografi\/#breadcrumb"},"inLanguage":"tr","potentialAction":[{"@type":"ReadAction","target":["https:\/\/mehmetadaoztekin.com\/index.php\/biyografi\/"]}]},{"@type":"BreadcrumbList","@id":"https:\/\/mehmetadaoztekin.com\/index.php\/biyografi\/#breadcrumb","itemListElement":[{"@type":"ListItem","position":1,"name":"Anasayfa","item":"https:\/\/mehmetadaoztekin.com\/"},{"@type":"ListItem","position":2,"name":"Biyografi"}]},{"@type":"WebSite","@id":"https:\/\/mehmetadaoztekin.com\/#website","url":"https:\/\/mehmetadaoztekin.com\/","name":"Mehmet Ada \u00d6ztekin","description":"| Director","publisher":{"@id":"https:\/\/mehmetadaoztekin.com\/#\/schema\/person\/7a1af24e8ae8da993f19880246de9191"},"potentialAction":[{"@type":"SearchAction","target":{"@type":"EntryPoint","urlTemplate":"https:\/\/mehmetadaoztekin.com\/?s={search_term_string}"},"query-input":"required name=search_term_string"}],"inLanguage":"tr"},{"@type":["Person","Organization"],"@id":"https:\/\/mehmetadaoztekin.com\/#\/schema\/person\/7a1af24e8ae8da993f19880246de9191","name":"Mehmet Ada \u00d6ztekin","image":{"@type":"ImageObject","inLanguage":"tr","@id":"https:\/\/mehmetadaoztekin.com\/#\/schema\/person\/image\/","url":"https:\/\/mehmetadaoztekin.com\/wp-content\/uploads\/2017\/05\/Ataturk_04.jpg","contentUrl":"https:\/\/mehmetadaoztekin.com\/wp-content\/uploads\/2017\/05\/Ataturk_04.jpg","width":1080,"height":1620,"caption":"Mehmet Ada \u00d6ztekin"},"logo":{"@id":"https:\/\/mehmetadaoztekin.com\/#\/schema\/person\/image\/"},"sameAs":["https:\/\/mehmetadaoztekin.com"]}]}},"_links":{"self":[{"href":"https:\/\/mehmetadaoztekin.com\/index.php\/wp-json\/wp\/v2\/pages\/2080"}],"collection":[{"href":"https:\/\/mehmetadaoztekin.com\/index.php\/wp-json\/wp\/v2\/pages"}],"about":[{"href":"https:\/\/mehmetadaoztekin.com\/index.php\/wp-json\/wp\/v2\/types\/page"}],"author":[{"embeddable":true,"href":"https:\/\/mehmetadaoztekin.com\/index.php\/wp-json\/wp\/v2\/users\/1"}],"replies":[{"embeddable":true,"href":"https:\/\/mehmetadaoztekin.com\/index.php\/wp-json\/wp\/v2\/comments?post=2080"}],"version-history":[{"count":9,"href":"https:\/\/mehmetadaoztekin.com\/index.php\/wp-json\/wp\/v2\/pages\/2080\/revisions"}],"predecessor-version":[{"id":5592,"href":"https:\/\/mehmetadaoztekin.com\/index.php\/wp-json\/wp\/v2\/pages\/2080\/revisions\/5592"}],"wp:attachment":[{"href":"https:\/\/mehmetadaoztekin.com\/index.php\/wp-json\/wp\/v2\/media?parent=2080"}],"curies":[{"name":"wp","href":"https:\/\/api.w.org\/{rel}","templated":true}]}}