{"id":4333,"date":"2023-10-09T01:11:11","date_gmt":"2023-10-08T22:11:11","guid":{"rendered":"https:\/\/mehmetadaoztekin.com\/?page_id=4333"},"modified":"2025-09-25T13:53:46","modified_gmt":"2025-09-25T10:53:46","slug":"belgesel-ve-ses","status":"publish","type":"page","link":"https:\/\/mehmetadaoztekin.com\/index.php\/belgesel-ve-ses\/","title":{"rendered":"Belgesel ve Ses"},"content":{"rendered":"<section class=\"wpb-content-wrapper\"><p>[vc_row content_width=&#8221;grid&#8221; css=&#8221;.vc_custom_1696802534314{padding-top: 120px !important;padding-bottom: 45px !important;}&#8221;][vc_column width=&#8221;1\/2&#8243;][vc_empty_space height=&#8221;80px&#8221;]\n<div class=\"edgtf-custom-font-holder\" style=\"font-size: 25px;line-height: 43px;font-weight: 300\" data-font-size= 25 data-line-height= 43>\n\t``Neden Filmimi \u00c7ekemiyorum?`` - 1. Sezon 3. B\u00f6l\u00fcm | Konuk: Mehmet Ada \u00d6ztekin\t<\/div>[vc_column_text]<span style=\"color: #ffffff;\">Neden Filmimi \u00c7ekemiyorum? Herkesin bir hikayesi var\u2026 Herkesin kendi hayat\u0131 ve kariyeri bir film hikayesi tad\u0131nda ve hepsi biricik hikayeler, deneyimler\u2026 Mehmet Ada \u00d6ztekin, Neden Filmimi \u00c7ekemiyorum? YOUTUBE kanal\u0131na konuk oldu.<\/span>[\/vc_column_text][\/vc_column][vc_column width=&#8221;1\/2&#8243;][vc_video link=&#8221;https:\/\/youtu.be\/bPAsy7ofb2E?si=IVc8cAtuugh7s1wu&#8221;][\/vc_column][\/vc_row][vc_row content_width=&#8221;grid&#8221; css=&#8221;.vc_custom_1696802534314{padding-top: 120px !important;padding-bottom: 45px !important;}&#8221;][vc_column width=&#8221;1\/2&#8243;][vc_empty_space height=&#8221;80px&#8221;]\n<div class=\"edgtf-custom-font-holder\" style=\"font-size: 25px;line-height: 43px;font-weight: 300\" data-font-size= 25 data-line-height= 43>\n\t7. Ko\u011fu\u015ftaki Mucize Kamera Arkas\u0131\t<\/div>[vc_column_text]<span style=\"color: #ffffff;\">&#8220;7. Ko\u011fu\u015ftaki Mucize&#8221;nin hikayesini bir de oyuncular\u0131ndan dinleyin&#8230;<\/span>[\/vc_column_text][\/vc_column][vc_column width=&#8221;1\/2&#8243;][vc_video link=&#8221;https:\/\/youtu.be\/M33_xYwvWBQ?si=C-gzchKR3IwcBEyY&#8221;][\/vc_column][\/vc_row][vc_row content_width=&#8221;grid&#8221; css=&#8221;.vc_custom_1696802534314{padding-top: 120px !important;padding-bottom: 45px !important;}&#8221;][vc_column width=&#8221;1\/2&#8243;][vc_empty_space height=&#8221;80px&#8221;]\n<div class=\"edgtf-custom-font-holder\" style=\"font-size: 25px;line-height: 43px;font-weight: 300\" data-font-size= 25 data-line-height= 43>\n\tATAT\u00dcRK 1881-1919 Kamera Arkas\u0131\t<\/div>[vc_column_text]<\/p>\n<p><span style=\"color: #ffffff;\">ATATURK 1881-1919 Kamera Arkas\u0131nda ya\u015fananlar rop\u00f6rtajlar e\u015fli\u011finde anlat\u0131l\u0131yor.<\/span><\/p>\n<p>[\/vc_column_text][\/vc_column][vc_column width=&#8221;1\/2&#8243;][vc_video link=&#8221;https:\/\/vimeo.com\/899230246&#8243;][\/vc_column][\/vc_row][vc_row content_width=&#8221;grid&#8221; css=&#8221;.vc_custom_1696802534314{padding-top: 120px !important;padding-bottom: 45px !important;}&#8221;][vc_column width=&#8221;1\/2&#8243;][vc_empty_space height=&#8221;80px&#8221;]\n<div class=\"edgtf-custom-font-holder\" style=\"font-size: 25px;line-height: 43px;font-weight: 300\" data-font-size= 25 data-line-height= 43>\n\tPODCAST\t<\/div>[vc_column_text]<span style=\"color: #ffffff;\">Netflix T\u00fcrkiye ekibinden Ece \u015eakarer ile k\u00fclt filmlerin y\u00f6netmeni Mehmet Ada \u00d6ztekin Y\u00f6netmen Koltu\u011funda bir araya geliyor. \u00a0\u00dcnl\u00fc y\u00f6netmenin bilinmeyen y\u00f6nleriyle birlikte ilham verici y\u00f6netmenlik yolculu\u011funu konu\u015fuyor.<\/span>[\/vc_column_text][\/vc_column][vc_column width=&#8221;1\/2&#8243;][vc_column_text]<iframe loading=\"lazy\" style=\"border-radius: 12px;\" src=\"https:\/\/open.spotify.com\/embed\/episode\/1IeRelc4QuOzMbDDGgxYOs?utm_source=generator&amp;theme=0\" width=\"100%\" height=\"352\" frameborder=\"0\" allowfullscreen=\"allowfullscreen\"><\/iframe>[\/vc_column_text][\/vc_column][\/vc_row][vc_row content_width=&#8221;grid&#8221; css=&#8221;.vc_custom_1696802534314{padding-top: 120px !important;padding-bottom: 45px !important;}&#8221;][vc_column width=&#8221;1\/2&#8243;][vc_empty_space height=&#8221;80px&#8221;]\n<div class=\"edgtf-custom-font-holder\" style=\"font-size: 25px;line-height: 43px;font-weight: 300\" data-font-size= 25 data-line-height= 43>\n\tMart\u0131lar\u0131n Efendisi - Kamera Arkas\u0131 Belgeseli\t<\/div>[vc_column_text]<span style=\"color: #ffffff;\">Yap\u0131m: TMC Film<\/span> | <span style=\"color: #ffffff;\">Yap\u0131mc\u0131: Erol Avc\u0131<\/span> | <span style=\"color: #ffffff;\">Senaryo: Meri\u00e7 Demiray<\/span> | <span style=\"color: #ffffff;\">Y\u00f6netmen: Mehmet Ada \u00d6ztekin<\/span>[\/vc_column_text][\/vc_column][vc_column width=&#8221;1\/2&#8243;][vc_column_text]<iframe loading=\"lazy\" title=\"YouTube video player\" src=\"https:\/\/www.youtube.com\/embed\/YvCNr4_2n7o?si=z-ZIUJcklGYPFXQS\" width=\"560\" height=\"315\" frameborder=\"0\" allowfullscreen=\"allowfullscreen\"><\/iframe>[\/vc_column_text][\/vc_column][\/vc_row]<\/p>\n<\/section>","protected":false},"excerpt":{"rendered":"<p>[vc_row content_width=&#8221;grid&#8221; css=&#8221;.vc_custom_1696802534314{padding-top: 120px !important;padding-bottom: 45px !important;}&#8221;][vc_column width=&#8221;1\/2&#8243;][vc_empty_space height=&#8221;80px&#8221;][vc_column_text]Neden Filmimi \u00c7ekemiyorum? Herkesin bir hikayesi var\u2026 Herkesin kendi hayat\u0131 ve kariyeri bir film hikayesi tad\u0131nda ve hepsi biricik hikayeler, deneyimler\u2026 Mehmet Ada \u00d6ztekin, Neden Filmimi \u00c7ekemiyorum? YOUTUBE kanal\u0131na konuk oldu.[\/vc_column_text][\/vc_column][vc_column width=&#8221;1\/2&#8243;][vc_video link=&#8221;https:\/\/youtu.be\/bPAsy7ofb2E?si=IVc8cAtuugh7s1wu&#8221;][\/vc_column][\/vc_row][vc_row content_width=&#8221;grid&#8221; css=&#8221;.vc_custom_1696802534314{padding-top: 120px !important;padding-bottom:&#8230;<\/p>\n","protected":false},"author":1,"featured_media":0,"parent":0,"menu_order":0,"comment_status":"closed","ping_status":"closed","template":"full-width.php","meta":{"footnotes":""},"yoast_head":"<!-- This site is optimized with the Yoast SEO plugin v21.4 - https:\/\/yoast.com\/wordpress\/plugins\/seo\/ -->\n<title>Belgesel ve Ses - Mehmet Ada \u00d6ztekin<\/title>\n<meta name=\"robots\" content=\"index, follow, max-snippet:-1, max-image-preview:large, max-video-preview:-1\" \/>\n<link rel=\"canonical\" href=\"https:\/\/mehmetadaoztekin.com\/index.php\/belgesel-ve-ses\/\" \/>\n<meta property=\"og:locale\" content=\"tr_TR\" \/>\n<meta property=\"og:type\" content=\"article\" \/>\n<meta property=\"og:title\" content=\"Belgesel ve Ses - Mehmet Ada \u00d6ztekin\" \/>\n<meta property=\"og:description\" content=\"[vc_row content_width=&#8221;grid&#8221; css=&#8221;.vc_custom_1696802534314{padding-top: 120px !important;padding-bottom: 45px !important;}&#8221;][vc_column width=&#8221;1\/2&#8243;][vc_empty_space height=&#8221;80px&#8221;][vc_column_text]Neden Filmimi \u00c7ekemiyorum? Herkesin bir hikayesi var\u2026 Herkesin kendi hayat\u0131 ve kariyeri bir film hikayesi tad\u0131nda ve hepsi biricik hikayeler, deneyimler\u2026 Mehmet Ada \u00d6ztekin, Neden Filmimi \u00c7ekemiyorum? YOUTUBE kanal\u0131na konuk oldu.[\/vc_column_text][\/vc_column][vc_column width=&#8221;1\/2&#8243;][vc_video link=&#8221;https:\/\/youtu.be\/bPAsy7ofb2E?si=IVc8cAtuugh7s1wu&#8221;][\/vc_column][\/vc_row][vc_row content_width=&#8221;grid&#8221; css=&#8221;.vc_custom_1696802534314{padding-top: 120px !important;padding-bottom:...\" \/>\n<meta property=\"og:url\" content=\"https:\/\/mehmetadaoztekin.com\/index.php\/belgesel-ve-ses\/\" \/>\n<meta property=\"og:site_name\" content=\"Mehmet Ada \u00d6ztekin\" \/>\n<meta property=\"article:modified_time\" content=\"2025-09-25T10:53:46+00:00\" \/>\n<meta property=\"og:image\" content=\"https:\/\/mehmetadaoztekin.com\/wp-content\/uploads\/2017\/05\/Ataturk_04.jpg\" \/>\n\t<meta property=\"og:image:width\" content=\"1080\" \/>\n\t<meta property=\"og:image:height\" content=\"1620\" \/>\n\t<meta property=\"og:image:type\" content=\"image\/jpeg\" \/>\n<meta name=\"twitter:card\" content=\"summary_large_image\" \/>\n<meta name=\"twitter:label1\" content=\"Tahmini okuma s\u00fcresi\" \/>\n\t<meta name=\"twitter:data1\" content=\"2 dakika\" \/>\n<script type=\"application\/ld+json\" class=\"yoast-schema-graph\">{\"@context\":\"https:\/\/schema.org\",\"@graph\":[{\"@type\":\"WebPage\",\"@id\":\"https:\/\/mehmetadaoztekin.com\/index.php\/belgesel-ve-ses\/\",\"url\":\"https:\/\/mehmetadaoztekin.com\/index.php\/belgesel-ve-ses\/\",\"name\":\"Belgesel ve Ses - Mehmet Ada \u00d6ztekin\",\"isPartOf\":{\"@id\":\"https:\/\/mehmetadaoztekin.com\/#website\"},\"datePublished\":\"2023-10-08T22:11:11+00:00\",\"dateModified\":\"2025-09-25T10:53:46+00:00\",\"breadcrumb\":{\"@id\":\"https:\/\/mehmetadaoztekin.com\/index.php\/belgesel-ve-ses\/#breadcrumb\"},\"inLanguage\":\"tr\",\"potentialAction\":[{\"@type\":\"ReadAction\",\"target\":[\"https:\/\/mehmetadaoztekin.com\/index.php\/belgesel-ve-ses\/\"]}]},{\"@type\":\"BreadcrumbList\",\"@id\":\"https:\/\/mehmetadaoztekin.com\/index.php\/belgesel-ve-ses\/#breadcrumb\",\"itemListElement\":[{\"@type\":\"ListItem\",\"position\":1,\"name\":\"Anasayfa\",\"item\":\"https:\/\/mehmetadaoztekin.com\/\"},{\"@type\":\"ListItem\",\"position\":2,\"name\":\"Belgesel ve Ses\"}]},{\"@type\":\"WebSite\",\"@id\":\"https:\/\/mehmetadaoztekin.com\/#website\",\"url\":\"https:\/\/mehmetadaoztekin.com\/\",\"name\":\"Mehmet Ada \u00d6ztekin\",\"description\":\"| Director\",\"publisher\":{\"@id\":\"https:\/\/mehmetadaoztekin.com\/#\/schema\/person\/7a1af24e8ae8da993f19880246de9191\"},\"potentialAction\":[{\"@type\":\"SearchAction\",\"target\":{\"@type\":\"EntryPoint\",\"urlTemplate\":\"https:\/\/mehmetadaoztekin.com\/?s={search_term_string}\"},\"query-input\":\"required name=search_term_string\"}],\"inLanguage\":\"tr\"},{\"@type\":[\"Person\",\"Organization\"],\"@id\":\"https:\/\/mehmetadaoztekin.com\/#\/schema\/person\/7a1af24e8ae8da993f19880246de9191\",\"name\":\"Mehmet Ada \u00d6ztekin\",\"image\":{\"@type\":\"ImageObject\",\"inLanguage\":\"tr\",\"@id\":\"https:\/\/mehmetadaoztekin.com\/#\/schema\/person\/image\/\",\"url\":\"https:\/\/mehmetadaoztekin.com\/wp-content\/uploads\/2017\/05\/Ataturk_04.jpg\",\"contentUrl\":\"https:\/\/mehmetadaoztekin.com\/wp-content\/uploads\/2017\/05\/Ataturk_04.jpg\",\"width\":1080,\"height\":1620,\"caption\":\"Mehmet Ada \u00d6ztekin\"},\"logo\":{\"@id\":\"https:\/\/mehmetadaoztekin.com\/#\/schema\/person\/image\/\"},\"sameAs\":[\"https:\/\/mehmetadaoztekin.com\"]}]}<\/script>\n<!-- \/ Yoast SEO plugin. -->","yoast_head_json":{"title":"Belgesel ve Ses - Mehmet Ada \u00d6ztekin","robots":{"index":"index","follow":"follow","max-snippet":"max-snippet:-1","max-image-preview":"max-image-preview:large","max-video-preview":"max-video-preview:-1"},"canonical":"https:\/\/mehmetadaoztekin.com\/index.php\/belgesel-ve-ses\/","og_locale":"tr_TR","og_type":"article","og_title":"Belgesel ve Ses - Mehmet Ada \u00d6ztekin","og_description":"[vc_row content_width=&#8221;grid&#8221; css=&#8221;.vc_custom_1696802534314{padding-top: 120px !important;padding-bottom: 45px !important;}&#8221;][vc_column width=&#8221;1\/2&#8243;][vc_empty_space height=&#8221;80px&#8221;][vc_column_text]Neden Filmimi \u00c7ekemiyorum? Herkesin bir hikayesi var\u2026 Herkesin kendi hayat\u0131 ve kariyeri bir film hikayesi tad\u0131nda ve hepsi biricik hikayeler, deneyimler\u2026 Mehmet Ada \u00d6ztekin, Neden Filmimi \u00c7ekemiyorum? YOUTUBE kanal\u0131na konuk oldu.[\/vc_column_text][\/vc_column][vc_column width=&#8221;1\/2&#8243;][vc_video link=&#8221;https:\/\/youtu.be\/bPAsy7ofb2E?si=IVc8cAtuugh7s1wu&#8221;][\/vc_column][\/vc_row][vc_row content_width=&#8221;grid&#8221; css=&#8221;.vc_custom_1696802534314{padding-top: 120px !important;padding-bottom:...","og_url":"https:\/\/mehmetadaoztekin.com\/index.php\/belgesel-ve-ses\/","og_site_name":"Mehmet Ada \u00d6ztekin","article_modified_time":"2025-09-25T10:53:46+00:00","og_image":[{"width":1080,"height":1620,"url":"https:\/\/mehmetadaoztekin.com\/wp-content\/uploads\/2017\/05\/Ataturk_04.jpg","type":"image\/jpeg"}],"twitter_card":"summary_large_image","twitter_misc":{"Tahmini okuma s\u00fcresi":"2 dakika"},"schema":{"@context":"https:\/\/schema.org","@graph":[{"@type":"WebPage","@id":"https:\/\/mehmetadaoztekin.com\/index.php\/belgesel-ve-ses\/","url":"https:\/\/mehmetadaoztekin.com\/index.php\/belgesel-ve-ses\/","name":"Belgesel ve Ses - Mehmet Ada \u00d6ztekin","isPartOf":{"@id":"https:\/\/mehmetadaoztekin.com\/#website"},"datePublished":"2023-10-08T22:11:11+00:00","dateModified":"2025-09-25T10:53:46+00:00","breadcrumb":{"@id":"https:\/\/mehmetadaoztekin.com\/index.php\/belgesel-ve-ses\/#breadcrumb"},"inLanguage":"tr","potentialAction":[{"@type":"ReadAction","target":["https:\/\/mehmetadaoztekin.com\/index.php\/belgesel-ve-ses\/"]}]},{"@type":"BreadcrumbList","@id":"https:\/\/mehmetadaoztekin.com\/index.php\/belgesel-ve-ses\/#breadcrumb","itemListElement":[{"@type":"ListItem","position":1,"name":"Anasayfa","item":"https:\/\/mehmetadaoztekin.com\/"},{"@type":"ListItem","position":2,"name":"Belgesel ve Ses"}]},{"@type":"WebSite","@id":"https:\/\/mehmetadaoztekin.com\/#website","url":"https:\/\/mehmetadaoztekin.com\/","name":"Mehmet Ada \u00d6ztekin","description":"| Director","publisher":{"@id":"https:\/\/mehmetadaoztekin.com\/#\/schema\/person\/7a1af24e8ae8da993f19880246de9191"},"potentialAction":[{"@type":"SearchAction","target":{"@type":"EntryPoint","urlTemplate":"https:\/\/mehmetadaoztekin.com\/?s={search_term_string}"},"query-input":"required name=search_term_string"}],"inLanguage":"tr"},{"@type":["Person","Organization"],"@id":"https:\/\/mehmetadaoztekin.com\/#\/schema\/person\/7a1af24e8ae8da993f19880246de9191","name":"Mehmet Ada \u00d6ztekin","image":{"@type":"ImageObject","inLanguage":"tr","@id":"https:\/\/mehmetadaoztekin.com\/#\/schema\/person\/image\/","url":"https:\/\/mehmetadaoztekin.com\/wp-content\/uploads\/2017\/05\/Ataturk_04.jpg","contentUrl":"https:\/\/mehmetadaoztekin.com\/wp-content\/uploads\/2017\/05\/Ataturk_04.jpg","width":1080,"height":1620,"caption":"Mehmet Ada \u00d6ztekin"},"logo":{"@id":"https:\/\/mehmetadaoztekin.com\/#\/schema\/person\/image\/"},"sameAs":["https:\/\/mehmetadaoztekin.com"]}]}},"_links":{"self":[{"href":"https:\/\/mehmetadaoztekin.com\/index.php\/wp-json\/wp\/v2\/pages\/4333"}],"collection":[{"href":"https:\/\/mehmetadaoztekin.com\/index.php\/wp-json\/wp\/v2\/pages"}],"about":[{"href":"https:\/\/mehmetadaoztekin.com\/index.php\/wp-json\/wp\/v2\/types\/page"}],"author":[{"embeddable":true,"href":"https:\/\/mehmetadaoztekin.com\/index.php\/wp-json\/wp\/v2\/users\/1"}],"replies":[{"embeddable":true,"href":"https:\/\/mehmetadaoztekin.com\/index.php\/wp-json\/wp\/v2\/comments?post=4333"}],"version-history":[{"count":21,"href":"https:\/\/mehmetadaoztekin.com\/index.php\/wp-json\/wp\/v2\/pages\/4333\/revisions"}],"predecessor-version":[{"id":5705,"href":"https:\/\/mehmetadaoztekin.com\/index.php\/wp-json\/wp\/v2\/pages\/4333\/revisions\/5705"}],"wp:attachment":[{"href":"https:\/\/mehmetadaoztekin.com\/index.php\/wp-json\/wp\/v2\/media?parent=4333"}],"curies":[{"name":"wp","href":"https:\/\/api.w.org\/{rel}","templated":true}]}}