{"id":4893,"date":"2023-10-07T20:32:59","date_gmt":"2023-10-07T17:32:59","guid":{"rendered":"https:\/\/mehmetadaoztekin.com\/index.php\/peliculas\/"},"modified":"2023-10-21T22:11:08","modified_gmt":"2023-10-21T19:11:08","slug":"peliculas","status":"publish","type":"page","link":"https:\/\/mehmetadaoztekin.com\/index.php\/peliculas\/?lang=es","title":{"rendered":"Pel\u00edculas"},"content":{"rendered":"<section class=\"wpb-content-wrapper\"><p>[vc_row content_width=&#8221;grid&#8221; css=&#8221;.vc_custom_1493894999907{padding-top: 70px !important;padding-bottom: 45px !important;}&#8221;][vc_column width=&#8221;1\/4&#8243;][\/vc_column][vc_column width=&#8221;1\/2&#8243; offset=&#8221;vc_hidden-lg vc_hidden-md vc_hidden-sm&#8221;][vc_video link=&#8221;https:\/\/vimeo.com\/858640592&#8243;][vc_column_text css=&#8221;.vc_custom_1697915099954{padding-top: 30px !important;}&#8221;]Atat\u00fcrk 1881 &#8211; 1919: 2023 -Lanistar Media &#8211; escenario: Necati Sahin[\/vc_column_text][vc_video link=&#8221;https:\/\/vimeo.com\/705674836&#8243; css=&#8221;.vc_custom_1697915119267{padding-top: 30px !important;}&#8221;][vc_column_text css=&#8221;.vc_custom_1697915132738{padding-top: 30px !important;}&#8221;]Godspeed: 2021 &#8211; Lanistar Medya, Netflix &#8211; gui\u00f3n: Hakan Evrensel, Mehmet Ada \u00d6ztekin[\/vc_column_text][vc_video link=&#8221;https:\/\/vimeo.com\/677074872&#8243; css=&#8221;.vc_custom_1697915159069{padding-top: 30px !important;}&#8221;][vc_column_text css=&#8221;.vc_custom_1697915147980{padding-top: 30px !important;}&#8221;]Love Me Too: 2020 &#8211; Lanistar Media, Netflix &#8211; gui\u00f3n: Mehmet Ada \u00d6ztekin[\/vc_column_text][vc_video link=&#8221;https:\/\/vimeo.com\/355799014&#8243; css=&#8221;.vc_custom_1697915172825{padding-top: 30px !important;}&#8221;][vc_column_text css=&#8221;.vc_custom_1697915184807{padding-top: 30px !important;}&#8221;]Milagro en el pabell\u00f3n: 2019 &#8211; Lanistar Medya &#8211; gui\u00f3n: Kubilay Tat, \u00d6zge Efendio\u011flu.[\/vc_column_text][vc_video link=&#8221;https:\/\/vimeo.com\/269656466&#8243; css=&#8221;.vc_custom_1697915203669{padding-top: 30px !important;}&#8221;][vc_column_text css=&#8221;.vc_custom_1697915216398{padding-top: 30px !important;}&#8221;]El club de los perdedores est\u00e1 en camino: 2018 &#8211; TMC &#8211; gui\u00f3n: Mehmet Ada \u00d6ztekin[\/vc_column_text][vc_video link=&#8221;https:\/\/vimeo.com\/247450237&#8243; css=&#8221;.vc_custom_1697915233444{padding-top: 30px !important;}&#8221;][vc_column_text css=&#8221;.vc_custom_1697915246292{padding-top: 30px !important;}&#8221;]El se\u00f1or de las gaviotas: 2017 &#8211; TMC &#8211; gui\u00f3n: Meric Demiray[\/vc_column_text][vc_video link=&#8221;https:\/\/youtu.be\/RkBSLpLTH3M?si=nkSfia1biXrJN8k3&#8243; css=&#8221;.vc_custom_1697915267974{padding-top: 30px !important;}&#8221;][vc_column_text css=&#8221;.vc_custom_1697915278049{padding-top: 30px !important;}&#8221;]Mahmut y Maryam: 2013 &#8211; pel\u00edcula de 24 fotogramas &#8211; gui\u00f3n: xxxxx[\/vc_column_text][vc_video link=&#8221;https:\/\/vimeo.com\/872161580&#8243; css=&#8221;.vc_custom_1697915295104{padding-top: 30px !important;}&#8221;][vc_column_text css=&#8221;.vc_custom_1697915308181{padding-top: 30px !important;}&#8221;]Kaybedenlerler Kul\u00fcb\u00fc: 2011 &#8211; Ekip Film, Tiglon &#8211; gui\u00f3n: Mehmet Ada \u00d6ztekin[\/vc_column_text][\/vc_column][vc_column width=&#8221;1\/4&#8243;][\/vc_column][\/vc_row][vc_row content_width=&#8221;grid&#8221;][vc_column offset=&#8221;vc_hidden-xs&#8221;]<div class = \"edgtf-portfolio-list-holder-outer edgtf-ptf-gallery edgtf-ptf-with-space edgtf-ptf-space-large edgtf-ptf-hover-trim edgtf-ptf-two-columns\" data-next-page= \"2\" data-type= \"gallery\" data-columns= \"2\" data-grid-size= \"three\" data-order-by= \"date\" data-order= \"DESC\" data-number= \"8\" data-image-size= \"full\" data-hover-type= \"trim\" data-filter= \"no\" data-filter-order-by= \"name\" data-category= \"Filmler\" data-show-more= \"none\" data-title-tag= \"h3\" data-max-num-pages = 2><div class = \"edgtf-portfolio-list-holder clearfix\" >\n<article class=\"edgtf-portfolio-item mix portfolio_category_171 edgtf-ptf-hover-enabled\" >\n\t<div class=\"edgtf-portfolio-item-inner\">\n                <a class=\"edgtf-portfolio-link\" href=\"https:\/\/vimeo.com\/858640592\" data-rel=\"prettyPhoto\"><\/a>\n        \t\t<div class=\"edgtf-item-image-holder\">\n\t\t\t<div class=\"edgtf-item-image-holder-inner\">\n\t\t\t\t<img width=\"1920\" height=\"1080\" src=\"https:\/\/mehmetadaoztekin.com\/wp-content\/uploads\/2023\/10\/Ataturk.png\" class=\"attachment-full size-full wp-post-image\" alt=\"\" decoding=\"async\" srcset=\"https:\/\/mehmetadaoztekin.com\/wp-content\/uploads\/2023\/10\/Ataturk.png 1920w, https:\/\/mehmetadaoztekin.com\/wp-content\/uploads\/2023\/10\/Ataturk-300x169.png 300w, https:\/\/mehmetadaoztekin.com\/wp-content\/uploads\/2023\/10\/Ataturk-1024x576.png 1024w, https:\/\/mehmetadaoztekin.com\/wp-content\/uploads\/2023\/10\/Ataturk-768x432.png 768w, https:\/\/mehmetadaoztekin.com\/wp-content\/uploads\/2023\/10\/Ataturk-1536x864.png 1536w\" sizes=\"(max-width: 1920px) 100vw, 1920px\" \/>\t\t\t<\/div>\n\t\t<\/div>\n\t\t<div class=\"edgtf-item-text-overlay\">\n\t\t\t<div class=\"edgtf-item-text-overlay-inner\">\n\t\t\t\t<div class=\"edgtf-item-text-holder\">\n\t<h3 class=\"edgtf-item-title\">\n\t\t<a class =\"edgtf-portfolio-title-link\" href=\"https:\/\/mehmetadaoztekin.com\/index.php\/portfolio-item\/ataturk-1881-1919-2023\/\">\n\t\t\tAtat\u00fcrk 1881 \u2013 1919 (2023)\t\t<\/a>\n\t<\/h3>\n    <\/div>\t\t\t<\/div>\n\t\t<\/div>\n\t<\/div>\n<\/article>\n\n\n<article class=\"edgtf-portfolio-item mix portfolio_category_171 edgtf-ptf-hover-enabled\" >\n\t<div class=\"edgtf-portfolio-item-inner\">\n                <a class=\"edgtf-portfolio-link\" href=\"https:\/\/vimeo.com\/705674836\" data-rel=\"prettyPhoto\"><\/a>\n        \t\t<div class=\"edgtf-item-image-holder\">\n\t\t\t<div class=\"edgtf-item-image-holder-inner\">\n\t\t\t\t<img width=\"1920\" height=\"1080\" src=\"https:\/\/mehmetadaoztekin.com\/wp-content\/uploads\/2023\/10\/yolun-acik-olsun-.png\" class=\"attachment-full size-full wp-post-image\" alt=\"\" decoding=\"async\" srcset=\"https:\/\/mehmetadaoztekin.com\/wp-content\/uploads\/2023\/10\/yolun-acik-olsun-.png 1920w, https:\/\/mehmetadaoztekin.com\/wp-content\/uploads\/2023\/10\/yolun-acik-olsun--300x169.png 300w, https:\/\/mehmetadaoztekin.com\/wp-content\/uploads\/2023\/10\/yolun-acik-olsun--1024x576.png 1024w, https:\/\/mehmetadaoztekin.com\/wp-content\/uploads\/2023\/10\/yolun-acik-olsun--768x432.png 768w, https:\/\/mehmetadaoztekin.com\/wp-content\/uploads\/2023\/10\/yolun-acik-olsun--1536x864.png 1536w\" sizes=\"(max-width: 1920px) 100vw, 1920px\" \/>\t\t\t<\/div>\n\t\t<\/div>\n\t\t<div class=\"edgtf-item-text-overlay\">\n\t\t\t<div class=\"edgtf-item-text-overlay-inner\">\n\t\t\t\t<div class=\"edgtf-item-text-holder\">\n\t<h3 class=\"edgtf-item-title\">\n\t\t<a class =\"edgtf-portfolio-title-link\" href=\"https:\/\/mehmetadaoztekin.com\/index.php\/portfolio-item\/yolun-acik-olsun-2021\/\">\n\t\t\tYolun A\u00e7\u0131k Olsun (2021)\t\t<\/a>\n\t<\/h3>\n    <\/div>\t\t\t<\/div>\n\t\t<\/div>\n\t<\/div>\n<\/article>\n\n\n<article class=\"edgtf-portfolio-item mix portfolio_category_171 edgtf-ptf-hover-enabled\" >\n\t<div class=\"edgtf-portfolio-item-inner\">\n                <a class=\"edgtf-portfolio-link\" href=\"https:\/\/vimeo.com\/677074872\" data-rel=\"prettyPhoto\"><\/a>\n        \t\t<div class=\"edgtf-item-image-holder\">\n\t\t\t<div class=\"edgtf-item-image-holder-inner\">\n\t\t\t\t<img width=\"1920\" height=\"1080\" src=\"https:\/\/mehmetadaoztekin.com\/wp-content\/uploads\/2023\/10\/Beni-cok-sev.png\" class=\"attachment-full size-full wp-post-image\" alt=\"\" decoding=\"async\" srcset=\"https:\/\/mehmetadaoztekin.com\/wp-content\/uploads\/2023\/10\/Beni-cok-sev.png 1920w, https:\/\/mehmetadaoztekin.com\/wp-content\/uploads\/2023\/10\/Beni-cok-sev-300x169.png 300w, https:\/\/mehmetadaoztekin.com\/wp-content\/uploads\/2023\/10\/Beni-cok-sev-1024x576.png 1024w, https:\/\/mehmetadaoztekin.com\/wp-content\/uploads\/2023\/10\/Beni-cok-sev-768x432.png 768w, https:\/\/mehmetadaoztekin.com\/wp-content\/uploads\/2023\/10\/Beni-cok-sev-1536x864.png 1536w\" sizes=\"(max-width: 1920px) 100vw, 1920px\" \/>\t\t\t<\/div>\n\t\t<\/div>\n\t\t<div class=\"edgtf-item-text-overlay\">\n\t\t\t<div class=\"edgtf-item-text-overlay-inner\">\n\t\t\t\t<div class=\"edgtf-item-text-holder\">\n\t<h3 class=\"edgtf-item-title\">\n\t\t<a class =\"edgtf-portfolio-title-link\" href=\"https:\/\/mehmetadaoztekin.com\/index.php\/portfolio-item\/beni-cok-sev-2020\/\">\n\t\t\tBeni \u00c7ok Sev (2020)\t\t<\/a>\n\t<\/h3>\n    <\/div>\t\t\t<\/div>\n\t\t<\/div>\n\t<\/div>\n<\/article>\n\n\n<article class=\"edgtf-portfolio-item mix portfolio_category_171 edgtf-ptf-hover-enabled\" >\n\t<div class=\"edgtf-portfolio-item-inner\">\n                <a class=\"edgtf-portfolio-link\" href=\"https:\/\/vimeo.com\/355799014\" data-rel=\"prettyPhoto\"><\/a>\n        \t\t<div class=\"edgtf-item-image-holder\">\n\t\t\t<div class=\"edgtf-item-image-holder-inner\">\n\t\t\t\t<img width=\"1920\" height=\"1080\" src=\"https:\/\/mehmetadaoztekin.com\/wp-content\/uploads\/2024\/04\/7-kogustaki-mucize-teaser.png\" class=\"attachment-full size-full wp-post-image\" alt=\"\" decoding=\"async\" srcset=\"https:\/\/mehmetadaoztekin.com\/wp-content\/uploads\/2024\/04\/7-kogustaki-mucize-teaser.png 1920w, https:\/\/mehmetadaoztekin.com\/wp-content\/uploads\/2024\/04\/7-kogustaki-mucize-teaser-300x169.png 300w, https:\/\/mehmetadaoztekin.com\/wp-content\/uploads\/2024\/04\/7-kogustaki-mucize-teaser-1024x576.png 1024w, https:\/\/mehmetadaoztekin.com\/wp-content\/uploads\/2024\/04\/7-kogustaki-mucize-teaser-768x432.png 768w, https:\/\/mehmetadaoztekin.com\/wp-content\/uploads\/2024\/04\/7-kogustaki-mucize-teaser-1536x864.png 1536w\" sizes=\"(max-width: 1920px) 100vw, 1920px\" \/>\t\t\t<\/div>\n\t\t<\/div>\n\t\t<div class=\"edgtf-item-text-overlay\">\n\t\t\t<div class=\"edgtf-item-text-overlay-inner\">\n\t\t\t\t<div class=\"edgtf-item-text-holder\">\n\t<h3 class=\"edgtf-item-title\">\n\t\t<a class =\"edgtf-portfolio-title-link\" href=\"https:\/\/mehmetadaoztekin.com\/index.php\/portfolio-item\/7-kogustaki-mucize-teaser-2019\/\">\n\t\t\t7. Kogustak\u0130 Mucize &#8211; (Teaser) (2019)\t\t<\/a>\n\t<\/h3>\n    <\/div>\t\t\t<\/div>\n\t\t<\/div>\n\t<\/div>\n<\/article>\n\n\n<article class=\"edgtf-portfolio-item mix portfolio_category_171 edgtf-ptf-hover-enabled\" >\n\t<div class=\"edgtf-portfolio-item-inner\">\n                <a class=\"edgtf-portfolio-link\" href=\"https:\/\/vimeo.com\/358986888\" data-rel=\"prettyPhoto\"><\/a>\n        \t\t<div class=\"edgtf-item-image-holder\">\n\t\t\t<div class=\"edgtf-item-image-holder-inner\">\n\t\t\t\t<img width=\"1920\" height=\"1080\" src=\"https:\/\/mehmetadaoztekin.com\/wp-content\/uploads\/2023\/10\/7-kogustaki-mucize.png\" class=\"attachment-full size-full wp-post-image\" alt=\"\" decoding=\"async\" srcset=\"https:\/\/mehmetadaoztekin.com\/wp-content\/uploads\/2023\/10\/7-kogustaki-mucize.png 1920w, https:\/\/mehmetadaoztekin.com\/wp-content\/uploads\/2023\/10\/7-kogustaki-mucize-300x169.png 300w, https:\/\/mehmetadaoztekin.com\/wp-content\/uploads\/2023\/10\/7-kogustaki-mucize-1024x576.png 1024w, https:\/\/mehmetadaoztekin.com\/wp-content\/uploads\/2023\/10\/7-kogustaki-mucize-768x432.png 768w, https:\/\/mehmetadaoztekin.com\/wp-content\/uploads\/2023\/10\/7-kogustaki-mucize-1536x864.png 1536w\" sizes=\"(max-width: 1920px) 100vw, 1920px\" \/>\t\t\t<\/div>\n\t\t<\/div>\n\t\t<div class=\"edgtf-item-text-overlay\">\n\t\t\t<div class=\"edgtf-item-text-overlay-inner\">\n\t\t\t\t<div class=\"edgtf-item-text-holder\">\n\t<h3 class=\"edgtf-item-title\">\n\t\t<a class =\"edgtf-portfolio-title-link\" href=\"https:\/\/mehmetadaoztekin.com\/index.php\/portfolio-item\/7-kogustaki-mucize-2019\/\">\n\t\t\t7. Kogustak\u0130 Mucize (2019)\t\t<\/a>\n\t<\/h3>\n    <\/div>\t\t\t<\/div>\n\t\t<\/div>\n\t<\/div>\n<\/article>\n\n\n<article class=\"edgtf-portfolio-item mix portfolio_category_171 edgtf-ptf-hover-enabled\" >\n\t<div class=\"edgtf-portfolio-item-inner\">\n                <a class=\"edgtf-portfolio-link\" href=\"https:\/\/vimeo.com\/269656466\" data-rel=\"prettyPhoto\"><\/a>\n        \t\t<div class=\"edgtf-item-image-holder\">\n\t\t\t<div class=\"edgtf-item-image-holder-inner\">\n\t\t\t\t<img width=\"1920\" height=\"1080\" src=\"https:\/\/mehmetadaoztekin.com\/wp-content\/uploads\/2023\/10\/kk-2.png\" class=\"attachment-full size-full wp-post-image\" alt=\"\" decoding=\"async\" srcset=\"https:\/\/mehmetadaoztekin.com\/wp-content\/uploads\/2023\/10\/kk-2.png 1920w, https:\/\/mehmetadaoztekin.com\/wp-content\/uploads\/2023\/10\/kk-2-300x169.png 300w, https:\/\/mehmetadaoztekin.com\/wp-content\/uploads\/2023\/10\/kk-2-1024x576.png 1024w, https:\/\/mehmetadaoztekin.com\/wp-content\/uploads\/2023\/10\/kk-2-768x432.png 768w, https:\/\/mehmetadaoztekin.com\/wp-content\/uploads\/2023\/10\/kk-2-1536x864.png 1536w\" sizes=\"(max-width: 1920px) 100vw, 1920px\" \/>\t\t\t<\/div>\n\t\t<\/div>\n\t\t<div class=\"edgtf-item-text-overlay\">\n\t\t\t<div class=\"edgtf-item-text-overlay-inner\">\n\t\t\t\t<div class=\"edgtf-item-text-holder\">\n\t<h3 class=\"edgtf-item-title\">\n\t\t<a class =\"edgtf-portfolio-title-link\" href=\"https:\/\/mehmetadaoztekin.com\/index.php\/portfolio-item\/kaybedenler-kulubu-yolda-2018\/\">\n\t\t\tKaybedenler Kul\u00fcb\u00fc Yolda (2018)\t\t<\/a>\n\t<\/h3>\n    <\/div>\t\t\t<\/div>\n\t\t<\/div>\n\t<\/div>\n<\/article>\n\n\n<article class=\"edgtf-portfolio-item mix portfolio_category_171 edgtf-ptf-hover-enabled\" >\n\t<div class=\"edgtf-portfolio-item-inner\">\n                <a class=\"edgtf-portfolio-link\" href=\"https:\/\/vimeo.com\/409189352\" data-rel=\"prettyPhoto\"><\/a>\n        \t\t<div class=\"edgtf-item-image-holder\">\n\t\t\t<div class=\"edgtf-item-image-holder-inner\">\n\t\t\t\t<img width=\"1920\" height=\"1080\" src=\"https:\/\/mehmetadaoztekin.com\/wp-content\/uploads\/2023\/10\/martilarin-efendisi.png\" class=\"attachment-full size-full wp-post-image\" alt=\"\" decoding=\"async\" srcset=\"https:\/\/mehmetadaoztekin.com\/wp-content\/uploads\/2023\/10\/martilarin-efendisi.png 1920w, https:\/\/mehmetadaoztekin.com\/wp-content\/uploads\/2023\/10\/martilarin-efendisi-300x169.png 300w, https:\/\/mehmetadaoztekin.com\/wp-content\/uploads\/2023\/10\/martilarin-efendisi-1024x576.png 1024w, https:\/\/mehmetadaoztekin.com\/wp-content\/uploads\/2023\/10\/martilarin-efendisi-768x432.png 768w, https:\/\/mehmetadaoztekin.com\/wp-content\/uploads\/2023\/10\/martilarin-efendisi-1536x864.png 1536w\" sizes=\"(max-width: 1920px) 100vw, 1920px\" \/>\t\t\t<\/div>\n\t\t<\/div>\n\t\t<div class=\"edgtf-item-text-overlay\">\n\t\t\t<div class=\"edgtf-item-text-overlay-inner\">\n\t\t\t\t<div class=\"edgtf-item-text-holder\">\n\t<h3 class=\"edgtf-item-title\">\n\t\t<a class =\"edgtf-portfolio-title-link\" href=\"https:\/\/mehmetadaoztekin.com\/index.php\/portfolio-item\/martilarin-efendisi-2017\/\">\n\t\t\tMart\u0131lar\u0131n Efendisi (2017)\t\t<\/a>\n\t<\/h3>\n    <\/div>\t\t\t<\/div>\n\t\t<\/div>\n\t<\/div>\n<\/article>\n\n\n<article class=\"edgtf-portfolio-item mix portfolio_category_171 edgtf-ptf-hover-enabled\" >\n\t<div class=\"edgtf-portfolio-item-inner\">\n                <a class=\"edgtf-portfolio-link\" href=\"https:\/\/youtu.be\/RkBSLpLTH3M?si=nkSfia1biXrJN8k3\" data-rel=\"prettyPhoto\"><\/a>\n        \t\t<div class=\"edgtf-item-image-holder\">\n\t\t\t<div class=\"edgtf-item-image-holder-inner\">\n\t\t\t\t<img width=\"1920\" height=\"1080\" src=\"https:\/\/mehmetadaoztekin.com\/wp-content\/uploads\/2023\/10\/mahmut-meryem.png\" class=\"attachment-full size-full wp-post-image\" alt=\"\" decoding=\"async\" srcset=\"https:\/\/mehmetadaoztekin.com\/wp-content\/uploads\/2023\/10\/mahmut-meryem.png 1920w, https:\/\/mehmetadaoztekin.com\/wp-content\/uploads\/2023\/10\/mahmut-meryem-300x169.png 300w, https:\/\/mehmetadaoztekin.com\/wp-content\/uploads\/2023\/10\/mahmut-meryem-1024x576.png 1024w, https:\/\/mehmetadaoztekin.com\/wp-content\/uploads\/2023\/10\/mahmut-meryem-768x432.png 768w, https:\/\/mehmetadaoztekin.com\/wp-content\/uploads\/2023\/10\/mahmut-meryem-1536x864.png 1536w\" sizes=\"(max-width: 1920px) 100vw, 1920px\" \/>\t\t\t<\/div>\n\t\t<\/div>\n\t\t<div class=\"edgtf-item-text-overlay\">\n\t\t\t<div class=\"edgtf-item-text-overlay-inner\">\n\t\t\t\t<div class=\"edgtf-item-text-holder\">\n\t<h3 class=\"edgtf-item-title\">\n\t\t<a class =\"edgtf-portfolio-title-link\" href=\"https:\/\/mehmetadaoztekin.com\/index.php\/portfolio-item\/mahmut-ile-meryem-2013\/\">\n\t\t\tMahmut ile Meryem (2013)\t\t<\/a>\n\t<\/h3>\n    <\/div>\t\t\t<\/div>\n\t\t<\/div>\n\t<\/div>\n<\/article>\n\n<div class='edgtf-portfolio-gap'><\/div>\n<div class='edgtf-portfolio-gap'><\/div>\n<\/div><\/div>[\/vc_column][\/vc_row]<\/p>\n<\/section>","protected":false},"excerpt":{"rendered":"<p>[vc_row content_width=&#8221;grid&#8221; css=&#8221;.vc_custom_1493894999907{padding-top: 70px !important;padding-bottom: 45px !important;}&#8221;][vc_column width=&#8221;1\/4&#8243;][\/vc_column][vc_column width=&#8221;1\/2&#8243; offset=&#8221;vc_hidden-lg vc_hidden-md vc_hidden-sm&#8221;][vc_video link=&#8221;https:\/\/vimeo.com\/858640592&#8243;][vc_column_text css=&#8221;.vc_custom_1697915099954{padding-top: 30px !important;}&#8221;]Atat\u00fcrk 1881 &#8211; 1919: 2023 -Lanistar Media &#8211; escenario: Necati Sahin[\/vc_column_text][vc_video link=&#8221;https:\/\/vimeo.com\/705674836&#8243; css=&#8221;.vc_custom_1697915119267{padding-top: 30px !important;}&#8221;][vc_column_text css=&#8221;.vc_custom_1697915132738{padding-top: 30px !important;}&#8221;]Godspeed: 2021 &#8211; Lanistar Medya, Netflix &#8211; gui\u00f3n: Hakan Evrensel, Mehmet Ada \u00d6ztekin[\/vc_column_text][vc_video&#8230;<\/p>\n","protected":false},"author":1,"featured_media":0,"parent":0,"menu_order":0,"comment_status":"closed","ping_status":"closed","template":"full-width.php","meta":{"footnotes":""},"yoast_head":"<!-- This site is optimized with the Yoast SEO plugin v21.4 - https:\/\/yoast.com\/wordpress\/plugins\/seo\/ -->\n<title>Pel\u00edculas - Mehmet Ada \u00d6ztekin<\/title>\n<meta name=\"robots\" content=\"index, follow, max-snippet:-1, max-image-preview:large, max-video-preview:-1\" \/>\n<link rel=\"canonical\" href=\"https:\/\/mehmetadaoztekin.com\/index.php\/peliculas\/\" \/>\n<meta property=\"og:locale\" content=\"tr_TR\" \/>\n<meta property=\"og:type\" content=\"article\" \/>\n<meta property=\"og:title\" content=\"Pel\u00edculas - Mehmet Ada \u00d6ztekin\" \/>\n<meta property=\"og:description\" content=\"[vc_row content_width=&#8221;grid&#8221; css=&#8221;.vc_custom_1493894999907{padding-top: 70px !important;padding-bottom: 45px !important;}&#8221;][vc_column width=&#8221;1\/4&#8243;][\/vc_column][vc_column width=&#8221;1\/2&#8243; offset=&#8221;vc_hidden-lg vc_hidden-md vc_hidden-sm&#8221;][vc_video link=&#8221;https:\/\/vimeo.com\/858640592&#8243;][vc_column_text css=&#8221;.vc_custom_1697915099954{padding-top: 30px !important;}&#8221;]Atat\u00fcrk 1881 &#8211; 1919: 2023 -Lanistar Media &#8211; escenario: Necati Sahin[\/vc_column_text][vc_video link=&#8221;https:\/\/vimeo.com\/705674836&#8243; css=&#8221;.vc_custom_1697915119267{padding-top: 30px !important;}&#8221;][vc_column_text css=&#8221;.vc_custom_1697915132738{padding-top: 30px !important;}&#8221;]Godspeed: 2021 &#8211; Lanistar Medya, Netflix &#8211; gui\u00f3n: Hakan Evrensel, Mehmet Ada \u00d6ztekin[\/vc_column_text][vc_video...\" \/>\n<meta property=\"og:url\" content=\"https:\/\/mehmetadaoztekin.com\/index.php\/peliculas\/?lang=es\" \/>\n<meta property=\"og:site_name\" content=\"Mehmet Ada \u00d6ztekin\" \/>\n<meta property=\"article:modified_time\" content=\"2023-10-21T19:11:08+00:00\" \/>\n<meta property=\"og:image\" content=\"https:\/\/mehmetadaoztekin.com\/wp-content\/uploads\/2017\/05\/Ataturk_04.jpg\" \/>\n\t<meta property=\"og:image:width\" content=\"1080\" \/>\n\t<meta property=\"og:image:height\" content=\"1620\" \/>\n\t<meta property=\"og:image:type\" content=\"image\/jpeg\" \/>\n<meta name=\"twitter:card\" content=\"summary_large_image\" \/>\n<meta name=\"twitter:label1\" content=\"Tahmini okuma s\u00fcresi\" \/>\n\t<meta name=\"twitter:data1\" content=\"2 dakika\" \/>\n<script type=\"application\/ld+json\" class=\"yoast-schema-graph\">{\"@context\":\"https:\/\/schema.org\",\"@graph\":[{\"@type\":\"WebPage\",\"@id\":\"https:\/\/mehmetadaoztekin.com\/index.php\/peliculas\/?lang=es\",\"url\":\"https:\/\/mehmetadaoztekin.com\/index.php\/peliculas\/?lang=es\",\"name\":\"Pel\u00edculas - Mehmet Ada \u00d6ztekin\",\"isPartOf\":{\"@id\":\"https:\/\/mehmetadaoztekin.com\/#website\"},\"datePublished\":\"2023-10-07T17:32:59+00:00\",\"dateModified\":\"2023-10-21T19:11:08+00:00\",\"breadcrumb\":{\"@id\":\"https:\/\/mehmetadaoztekin.com\/index.php\/peliculas\/?lang=es#breadcrumb\"},\"inLanguage\":\"tr\",\"potentialAction\":[{\"@type\":\"ReadAction\",\"target\":[\"https:\/\/mehmetadaoztekin.com\/index.php\/peliculas\/?lang=es\"]}]},{\"@type\":\"BreadcrumbList\",\"@id\":\"https:\/\/mehmetadaoztekin.com\/index.php\/peliculas\/?lang=es#breadcrumb\",\"itemListElement\":[{\"@type\":\"ListItem\",\"position\":1,\"name\":\"Anasayfa\",\"item\":\"https:\/\/mehmetadaoztekin.com\/\"},{\"@type\":\"ListItem\",\"position\":2,\"name\":\"Pel\u00edculas\"}]},{\"@type\":\"WebSite\",\"@id\":\"https:\/\/mehmetadaoztekin.com\/#website\",\"url\":\"https:\/\/mehmetadaoztekin.com\/\",\"name\":\"Mehmet Ada \u00d6ztekin\",\"description\":\"| Director\",\"publisher\":{\"@id\":\"https:\/\/mehmetadaoztekin.com\/#\/schema\/person\/7a1af24e8ae8da993f19880246de9191\"},\"potentialAction\":[{\"@type\":\"SearchAction\",\"target\":{\"@type\":\"EntryPoint\",\"urlTemplate\":\"https:\/\/mehmetadaoztekin.com\/?s={search_term_string}\"},\"query-input\":\"required name=search_term_string\"}],\"inLanguage\":\"tr\"},{\"@type\":[\"Person\",\"Organization\"],\"@id\":\"https:\/\/mehmetadaoztekin.com\/#\/schema\/person\/7a1af24e8ae8da993f19880246de9191\",\"name\":\"Mehmet Ada \u00d6ztekin\",\"image\":{\"@type\":\"ImageObject\",\"inLanguage\":\"tr\",\"@id\":\"https:\/\/mehmetadaoztekin.com\/#\/schema\/person\/image\/\",\"url\":\"https:\/\/mehmetadaoztekin.com\/wp-content\/uploads\/2017\/05\/Ataturk_04.jpg\",\"contentUrl\":\"https:\/\/mehmetadaoztekin.com\/wp-content\/uploads\/2017\/05\/Ataturk_04.jpg\",\"width\":1080,\"height\":1620,\"caption\":\"Mehmet Ada \u00d6ztekin\"},\"logo\":{\"@id\":\"https:\/\/mehmetadaoztekin.com\/#\/schema\/person\/image\/\"},\"sameAs\":[\"https:\/\/mehmetadaoztekin.com\"]}]}<\/script>\n<!-- \/ Yoast SEO plugin. -->","yoast_head_json":{"title":"Pel\u00edculas - Mehmet Ada \u00d6ztekin","robots":{"index":"index","follow":"follow","max-snippet":"max-snippet:-1","max-image-preview":"max-image-preview:large","max-video-preview":"max-video-preview:-1"},"canonical":"https:\/\/mehmetadaoztekin.com\/index.php\/peliculas\/","og_locale":"tr_TR","og_type":"article","og_title":"Pel\u00edculas - Mehmet Ada \u00d6ztekin","og_description":"[vc_row content_width=&#8221;grid&#8221; css=&#8221;.vc_custom_1493894999907{padding-top: 70px !important;padding-bottom: 45px !important;}&#8221;][vc_column width=&#8221;1\/4&#8243;][\/vc_column][vc_column width=&#8221;1\/2&#8243; offset=&#8221;vc_hidden-lg vc_hidden-md vc_hidden-sm&#8221;][vc_video link=&#8221;https:\/\/vimeo.com\/858640592&#8243;][vc_column_text css=&#8221;.vc_custom_1697915099954{padding-top: 30px !important;}&#8221;]Atat\u00fcrk 1881 &#8211; 1919: 2023 -Lanistar Media &#8211; escenario: Necati Sahin[\/vc_column_text][vc_video link=&#8221;https:\/\/vimeo.com\/705674836&#8243; css=&#8221;.vc_custom_1697915119267{padding-top: 30px !important;}&#8221;][vc_column_text css=&#8221;.vc_custom_1697915132738{padding-top: 30px !important;}&#8221;]Godspeed: 2021 &#8211; Lanistar Medya, Netflix &#8211; gui\u00f3n: Hakan Evrensel, Mehmet Ada \u00d6ztekin[\/vc_column_text][vc_video...","og_url":"https:\/\/mehmetadaoztekin.com\/index.php\/peliculas\/?lang=es","og_site_name":"Mehmet Ada \u00d6ztekin","article_modified_time":"2023-10-21T19:11:08+00:00","og_image":[{"width":1080,"height":1620,"url":"https:\/\/mehmetadaoztekin.com\/wp-content\/uploads\/2017\/05\/Ataturk_04.jpg","type":"image\/jpeg"}],"twitter_card":"summary_large_image","twitter_misc":{"Tahmini okuma s\u00fcresi":"2 dakika"},"schema":{"@context":"https:\/\/schema.org","@graph":[{"@type":"WebPage","@id":"https:\/\/mehmetadaoztekin.com\/index.php\/peliculas\/?lang=es","url":"https:\/\/mehmetadaoztekin.com\/index.php\/peliculas\/?lang=es","name":"Pel\u00edculas - Mehmet Ada \u00d6ztekin","isPartOf":{"@id":"https:\/\/mehmetadaoztekin.com\/#website"},"datePublished":"2023-10-07T17:32:59+00:00","dateModified":"2023-10-21T19:11:08+00:00","breadcrumb":{"@id":"https:\/\/mehmetadaoztekin.com\/index.php\/peliculas\/?lang=es#breadcrumb"},"inLanguage":"tr","potentialAction":[{"@type":"ReadAction","target":["https:\/\/mehmetadaoztekin.com\/index.php\/peliculas\/?lang=es"]}]},{"@type":"BreadcrumbList","@id":"https:\/\/mehmetadaoztekin.com\/index.php\/peliculas\/?lang=es#breadcrumb","itemListElement":[{"@type":"ListItem","position":1,"name":"Anasayfa","item":"https:\/\/mehmetadaoztekin.com\/"},{"@type":"ListItem","position":2,"name":"Pel\u00edculas"}]},{"@type":"WebSite","@id":"https:\/\/mehmetadaoztekin.com\/#website","url":"https:\/\/mehmetadaoztekin.com\/","name":"Mehmet Ada \u00d6ztekin","description":"| Director","publisher":{"@id":"https:\/\/mehmetadaoztekin.com\/#\/schema\/person\/7a1af24e8ae8da993f19880246de9191"},"potentialAction":[{"@type":"SearchAction","target":{"@type":"EntryPoint","urlTemplate":"https:\/\/mehmetadaoztekin.com\/?s={search_term_string}"},"query-input":"required name=search_term_string"}],"inLanguage":"tr"},{"@type":["Person","Organization"],"@id":"https:\/\/mehmetadaoztekin.com\/#\/schema\/person\/7a1af24e8ae8da993f19880246de9191","name":"Mehmet Ada \u00d6ztekin","image":{"@type":"ImageObject","inLanguage":"tr","@id":"https:\/\/mehmetadaoztekin.com\/#\/schema\/person\/image\/","url":"https:\/\/mehmetadaoztekin.com\/wp-content\/uploads\/2017\/05\/Ataturk_04.jpg","contentUrl":"https:\/\/mehmetadaoztekin.com\/wp-content\/uploads\/2017\/05\/Ataturk_04.jpg","width":1080,"height":1620,"caption":"Mehmet Ada \u00d6ztekin"},"logo":{"@id":"https:\/\/mehmetadaoztekin.com\/#\/schema\/person\/image\/"},"sameAs":["https:\/\/mehmetadaoztekin.com"]}]}},"_links":{"self":[{"href":"https:\/\/mehmetadaoztekin.com\/index.php\/wp-json\/wp\/v2\/pages\/4893"}],"collection":[{"href":"https:\/\/mehmetadaoztekin.com\/index.php\/wp-json\/wp\/v2\/pages"}],"about":[{"href":"https:\/\/mehmetadaoztekin.com\/index.php\/wp-json\/wp\/v2\/types\/page"}],"author":[{"embeddable":true,"href":"https:\/\/mehmetadaoztekin.com\/index.php\/wp-json\/wp\/v2\/users\/1"}],"replies":[{"embeddable":true,"href":"https:\/\/mehmetadaoztekin.com\/index.php\/wp-json\/wp\/v2\/comments?post=4893"}],"version-history":[{"count":4,"href":"https:\/\/mehmetadaoztekin.com\/index.php\/wp-json\/wp\/v2\/pages\/4893\/revisions"}],"predecessor-version":[{"id":5533,"href":"https:\/\/mehmetadaoztekin.com\/index.php\/wp-json\/wp\/v2\/pages\/4893\/revisions\/5533"}],"wp:attachment":[{"href":"https:\/\/mehmetadaoztekin.com\/index.php\/wp-json\/wp\/v2\/media?parent=4893"}],"curies":[{"name":"wp","href":"https:\/\/api.w.org\/{rel}","templated":true}]}}