{"id":4899,"date":"2017-05-04T08:04:22","date_gmt":"2017-05-04T05:04:22","guid":{"rendered":"https:\/\/mehmetadaoztekin.com\/index.php\/biographie\/"},"modified":"2023-10-23T11:58:52","modified_gmt":"2023-10-23T08:58:52","slug":"biographie","status":"publish","type":"page","link":"https:\/\/mehmetadaoztekin.com\/index.php\/biographie\/?lang=fr","title":{"rendered":"Biographie"},"content":{"rendered":"<section class=\"wpb-content-wrapper\"><p>[vc_row css=&#8221;.vc_custom_1494580510911{padding-top: 90px !important;padding-bottom: 48px !important;background-position: center !important;background-repeat: no-repeat !important;background-size: cover !important;}&#8221;][vc_column][vc_row_inner content_width=&#8221;grid&#8221;][vc_column_inner offset=&#8221;vc_col-lg-offset-1 vc_col-lg-10&#8243; css=&#8221;.vc_custom_1494492638009{padding-right: 6% !important;padding-left: 6% !important;}&#8221;]\n<div class=\"edgtf-section-title edgtf-section-align-center\">\n    <div class=\"edgtf-st-inner\">\n        <div class=\"edgtf-st-title-holder\">\n            <h2 class=\"edgtf-st-title\" style=\"color: #151515\">\n                <span>Mehmet Ada \u00d6ztek\u0130n<\/span>\n            <\/h2>\n        <\/div>\n    <\/div>\n\n    <div class=\"edgtf-st-subtitle-holder\">\n        <h5 class=\"edgtf-st-subtitle\" >\n            <span><\/span>\n        <\/h5>\n    <\/div>\n\n    <div class=\"edgtf-st-separator-outer\">\n        <div class=\"edgtf-separator-holder clearfix  edgtf-separator-center\">\n\t<div class=\"edgtf-separator\" style=\"border-bottom-width: 2px;margin-top: 22px;margin-bottom: 21px\"><\/div>\n<\/div>\n    <\/div>\n\n    <div class=\"edgtf-st-text-holder\">\n        <span class=\"edgtf-st-text-text\">Il est n\u00e9 le 28 mai 1976 \u00e0 Antalya. Il a \u00e9tudi\u00e9 \u00e0 l&#8217;Universit\u00e9 9 Eyl\u00fcl, Facult\u00e9 des sciences \u00e9conomiques et administratives, D\u00e9partement d&#8217;administration des affaires. Il a commenc\u00e9 \u00e0 faire de la radiodiffusion au cours de ces ann\u00e9es. Tout en poursuivant ses \u00e9tudes universitaires, il commence \u00e0 travailler dans des productions publicitaires \u00e0 Istanbul. Durant cette p\u00e9riode, il rencontre Kaan \u00c7aydaml\u0131, fondateur de la maison d&#8217;\u00e9dition 6:45 et producteur de l&#8217;\u00e9mission de radio Losers Club.<\/p>\n<p>Howl, un court m\u00e9trage exp\u00e9rimental bas\u00e9 sur le po\u00e8me Howl d&#8217;Allen Ginsberg, a \u00e9t\u00e9 projet\u00e9 au New York Newfilmmakers Film Festival en 2008.<\/p>\n<p>Il a travaill\u00e9 avec l&#8217;artiste de renomm\u00e9e mondiale Kutlu\u011f Ataman. Il a produit les trois projets d&#8217;art vid\u00e9o d&#8217;Ataman. Son premier film, Losers Club, dont il a \u00e9crit le sc\u00e9nario et a \u00e9t\u00e9 le superviseur du projet, est sorti en 2011. Imm\u00e9diatement apr\u00e8s, il tourne son premier projet de s\u00e9rie t\u00e9l\u00e9vis\u00e9e, Kuzey G\u00fcney.<\/p>\n<p>Son film Miracle in the 7th Ward, qu&#8217;il a tourn\u00e9 en 2019, a \u00e9t\u00e9 regard\u00e9 dans le monde entier et est devenu le candidat turc aux Oscars. Il est devenu le contenu le plus regard\u00e9 sur toutes les plateformes num\u00e9riques en France en 2021.<\/p>\n<p>En 2023, \u00e0 l&#8217;occasion du 100e anniversaire de la fondation de la R\u00e9publique de Turquie, le film Atat\u00fcrk, qui raconte la premi\u00e8re p\u00e9riode de la vie du fondateur de la r\u00e9publique, Mustafa Kemal Atat\u00fcrk, a \u00e9t\u00e9 tourn\u00e9.<\/p>\n<p>Il est l&#8217;un des fondateurs du Rain Dogs Motorcycle Club.<\/span>\n    <\/div>\n\n<\/div>[\/vc_column_inner][\/vc_row_inner][\/vc_column][\/vc_row]<\/p>\n<\/section>","protected":false},"excerpt":{"rendered":"<p>[vc_row css=&#8221;.vc_custom_1494580510911{padding-top: 90px !important;padding-bottom: 48px !important;background-position: center !important;background-repeat: no-repeat !important;background-size: cover !important;}&#8221;][vc_column][vc_row_inner content_width=&#8221;grid&#8221;][vc_column_inner offset=&#8221;vc_col-lg-offset-1 vc_col-lg-10&#8243; css=&#8221;.vc_custom_1494492638009{padding-right: 6% !important;padding-left: 6% !important;}&#8221;][\/vc_column_inner][\/vc_row_inner][\/vc_column][\/vc_row]<\/p>\n","protected":false},"author":1,"featured_media":0,"parent":0,"menu_order":0,"comment_status":"closed","ping_status":"closed","template":"full-width.php","meta":{"footnotes":""},"yoast_head":"<!-- This site is optimized with the Yoast SEO plugin v21.4 - https:\/\/yoast.com\/wordpress\/plugins\/seo\/ -->\n<title>Biographie - Mehmet Ada \u00d6ztekin<\/title>\n<meta name=\"robots\" content=\"index, follow, max-snippet:-1, max-image-preview:large, max-video-preview:-1\" \/>\n<link rel=\"canonical\" href=\"https:\/\/mehmetadaoztekin.com\/index.php\/biographie\/\" \/>\n<meta property=\"og:locale\" content=\"tr_TR\" \/>\n<meta property=\"og:type\" content=\"article\" \/>\n<meta property=\"og:title\" content=\"Biographie - Mehmet Ada \u00d6ztekin\" \/>\n<meta property=\"og:description\" content=\"[vc_row css=&#8221;.vc_custom_1494580510911{padding-top: 90px !important;padding-bottom: 48px !important;background-position: center !important;background-repeat: no-repeat !important;background-size: cover !important;}&#8221;][vc_column][vc_row_inner content_width=&#8221;grid&#8221;][vc_column_inner offset=&#8221;vc_col-lg-offset-1 vc_col-lg-10&#8243; css=&#8221;.vc_custom_1494492638009{padding-right: 6% !important;padding-left: 6% !important;}&#8221;][\/vc_column_inner][\/vc_row_inner][\/vc_column][\/vc_row]\" \/>\n<meta property=\"og:url\" content=\"https:\/\/mehmetadaoztekin.com\/index.php\/biographie\/?lang=fr\" \/>\n<meta property=\"og:site_name\" content=\"Mehmet Ada \u00d6ztekin\" \/>\n<meta property=\"article:modified_time\" content=\"2023-10-23T08:58:52+00:00\" \/>\n<meta property=\"og:image\" content=\"https:\/\/mehmetadaoztekin.com\/wp-content\/uploads\/2017\/05\/Ataturk_04.jpg\" \/>\n\t<meta property=\"og:image:width\" content=\"1080\" \/>\n\t<meta property=\"og:image:height\" content=\"1620\" \/>\n\t<meta property=\"og:image:type\" content=\"image\/jpeg\" \/>\n<meta name=\"twitter:card\" content=\"summary_large_image\" \/>\n<meta name=\"twitter:label1\" content=\"Tahmini okuma s\u00fcresi\" \/>\n\t<meta name=\"twitter:data1\" content=\"2 dakika\" \/>\n<script type=\"application\/ld+json\" class=\"yoast-schema-graph\">{\"@context\":\"https:\/\/schema.org\",\"@graph\":[{\"@type\":\"WebPage\",\"@id\":\"https:\/\/mehmetadaoztekin.com\/index.php\/biographie\/?lang=fr\",\"url\":\"https:\/\/mehmetadaoztekin.com\/index.php\/biographie\/?lang=fr\",\"name\":\"Biographie - Mehmet Ada \u00d6ztekin\",\"isPartOf\":{\"@id\":\"https:\/\/mehmetadaoztekin.com\/#website\"},\"datePublished\":\"2017-05-04T05:04:22+00:00\",\"dateModified\":\"2023-10-23T08:58:52+00:00\",\"breadcrumb\":{\"@id\":\"https:\/\/mehmetadaoztekin.com\/index.php\/biographie\/?lang=fr#breadcrumb\"},\"inLanguage\":\"tr\",\"potentialAction\":[{\"@type\":\"ReadAction\",\"target\":[\"https:\/\/mehmetadaoztekin.com\/index.php\/biographie\/?lang=fr\"]}]},{\"@type\":\"BreadcrumbList\",\"@id\":\"https:\/\/mehmetadaoztekin.com\/index.php\/biographie\/?lang=fr#breadcrumb\",\"itemListElement\":[{\"@type\":\"ListItem\",\"position\":1,\"name\":\"Anasayfa\",\"item\":\"https:\/\/mehmetadaoztekin.com\/\"},{\"@type\":\"ListItem\",\"position\":2,\"name\":\"Biographie\"}]},{\"@type\":\"WebSite\",\"@id\":\"https:\/\/mehmetadaoztekin.com\/#website\",\"url\":\"https:\/\/mehmetadaoztekin.com\/\",\"name\":\"Mehmet Ada \u00d6ztekin\",\"description\":\"| Director\",\"publisher\":{\"@id\":\"https:\/\/mehmetadaoztekin.com\/#\/schema\/person\/7a1af24e8ae8da993f19880246de9191\"},\"potentialAction\":[{\"@type\":\"SearchAction\",\"target\":{\"@type\":\"EntryPoint\",\"urlTemplate\":\"https:\/\/mehmetadaoztekin.com\/?s={search_term_string}\"},\"query-input\":\"required name=search_term_string\"}],\"inLanguage\":\"tr\"},{\"@type\":[\"Person\",\"Organization\"],\"@id\":\"https:\/\/mehmetadaoztekin.com\/#\/schema\/person\/7a1af24e8ae8da993f19880246de9191\",\"name\":\"Mehmet Ada \u00d6ztekin\",\"image\":{\"@type\":\"ImageObject\",\"inLanguage\":\"tr\",\"@id\":\"https:\/\/mehmetadaoztekin.com\/#\/schema\/person\/image\/\",\"url\":\"https:\/\/mehmetadaoztekin.com\/wp-content\/uploads\/2017\/05\/Ataturk_04.jpg\",\"contentUrl\":\"https:\/\/mehmetadaoztekin.com\/wp-content\/uploads\/2017\/05\/Ataturk_04.jpg\",\"width\":1080,\"height\":1620,\"caption\":\"Mehmet Ada \u00d6ztekin\"},\"logo\":{\"@id\":\"https:\/\/mehmetadaoztekin.com\/#\/schema\/person\/image\/\"},\"sameAs\":[\"https:\/\/mehmetadaoztekin.com\"]}]}<\/script>\n<!-- \/ Yoast SEO plugin. -->","yoast_head_json":{"title":"Biographie - Mehmet Ada \u00d6ztekin","robots":{"index":"index","follow":"follow","max-snippet":"max-snippet:-1","max-image-preview":"max-image-preview:large","max-video-preview":"max-video-preview:-1"},"canonical":"https:\/\/mehmetadaoztekin.com\/index.php\/biographie\/","og_locale":"tr_TR","og_type":"article","og_title":"Biographie - Mehmet Ada \u00d6ztekin","og_description":"[vc_row css=&#8221;.vc_custom_1494580510911{padding-top: 90px !important;padding-bottom: 48px !important;background-position: center !important;background-repeat: no-repeat !important;background-size: cover !important;}&#8221;][vc_column][vc_row_inner content_width=&#8221;grid&#8221;][vc_column_inner offset=&#8221;vc_col-lg-offset-1 vc_col-lg-10&#8243; css=&#8221;.vc_custom_1494492638009{padding-right: 6% !important;padding-left: 6% !important;}&#8221;][\/vc_column_inner][\/vc_row_inner][\/vc_column][\/vc_row]","og_url":"https:\/\/mehmetadaoztekin.com\/index.php\/biographie\/?lang=fr","og_site_name":"Mehmet Ada \u00d6ztekin","article_modified_time":"2023-10-23T08:58:52+00:00","og_image":[{"width":1080,"height":1620,"url":"https:\/\/mehmetadaoztekin.com\/wp-content\/uploads\/2017\/05\/Ataturk_04.jpg","type":"image\/jpeg"}],"twitter_card":"summary_large_image","twitter_misc":{"Tahmini okuma s\u00fcresi":"2 dakika"},"schema":{"@context":"https:\/\/schema.org","@graph":[{"@type":"WebPage","@id":"https:\/\/mehmetadaoztekin.com\/index.php\/biographie\/?lang=fr","url":"https:\/\/mehmetadaoztekin.com\/index.php\/biographie\/?lang=fr","name":"Biographie - Mehmet Ada \u00d6ztekin","isPartOf":{"@id":"https:\/\/mehmetadaoztekin.com\/#website"},"datePublished":"2017-05-04T05:04:22+00:00","dateModified":"2023-10-23T08:58:52+00:00","breadcrumb":{"@id":"https:\/\/mehmetadaoztekin.com\/index.php\/biographie\/?lang=fr#breadcrumb"},"inLanguage":"tr","potentialAction":[{"@type":"ReadAction","target":["https:\/\/mehmetadaoztekin.com\/index.php\/biographie\/?lang=fr"]}]},{"@type":"BreadcrumbList","@id":"https:\/\/mehmetadaoztekin.com\/index.php\/biographie\/?lang=fr#breadcrumb","itemListElement":[{"@type":"ListItem","position":1,"name":"Anasayfa","item":"https:\/\/mehmetadaoztekin.com\/"},{"@type":"ListItem","position":2,"name":"Biographie"}]},{"@type":"WebSite","@id":"https:\/\/mehmetadaoztekin.com\/#website","url":"https:\/\/mehmetadaoztekin.com\/","name":"Mehmet Ada \u00d6ztekin","description":"| Director","publisher":{"@id":"https:\/\/mehmetadaoztekin.com\/#\/schema\/person\/7a1af24e8ae8da993f19880246de9191"},"potentialAction":[{"@type":"SearchAction","target":{"@type":"EntryPoint","urlTemplate":"https:\/\/mehmetadaoztekin.com\/?s={search_term_string}"},"query-input":"required name=search_term_string"}],"inLanguage":"tr"},{"@type":["Person","Organization"],"@id":"https:\/\/mehmetadaoztekin.com\/#\/schema\/person\/7a1af24e8ae8da993f19880246de9191","name":"Mehmet Ada \u00d6ztekin","image":{"@type":"ImageObject","inLanguage":"tr","@id":"https:\/\/mehmetadaoztekin.com\/#\/schema\/person\/image\/","url":"https:\/\/mehmetadaoztekin.com\/wp-content\/uploads\/2017\/05\/Ataturk_04.jpg","contentUrl":"https:\/\/mehmetadaoztekin.com\/wp-content\/uploads\/2017\/05\/Ataturk_04.jpg","width":1080,"height":1620,"caption":"Mehmet Ada \u00d6ztekin"},"logo":{"@id":"https:\/\/mehmetadaoztekin.com\/#\/schema\/person\/image\/"},"sameAs":["https:\/\/mehmetadaoztekin.com"]}]}},"_links":{"self":[{"href":"https:\/\/mehmetadaoztekin.com\/index.php\/wp-json\/wp\/v2\/pages\/4899"}],"collection":[{"href":"https:\/\/mehmetadaoztekin.com\/index.php\/wp-json\/wp\/v2\/pages"}],"about":[{"href":"https:\/\/mehmetadaoztekin.com\/index.php\/wp-json\/wp\/v2\/types\/page"}],"author":[{"embeddable":true,"href":"https:\/\/mehmetadaoztekin.com\/index.php\/wp-json\/wp\/v2\/users\/1"}],"replies":[{"embeddable":true,"href":"https:\/\/mehmetadaoztekin.com\/index.php\/wp-json\/wp\/v2\/comments?post=4899"}],"version-history":[{"count":4,"href":"https:\/\/mehmetadaoztekin.com\/index.php\/wp-json\/wp\/v2\/pages\/4899\/revisions"}],"predecessor-version":[{"id":5595,"href":"https:\/\/mehmetadaoztekin.com\/index.php\/wp-json\/wp\/v2\/pages\/4899\/revisions\/5595"}],"wp:attachment":[{"href":"https:\/\/mehmetadaoztekin.com\/index.php\/wp-json\/wp\/v2\/media?parent=4899"}],"curies":[{"name":"wp","href":"https:\/\/api.w.org\/{rel}","templated":true}]}}