{"id":4904,"date":"2023-10-08T22:19:42","date_gmt":"2023-10-08T19:19:42","guid":{"rendered":"https:\/\/mehmetadaoztekin.com\/index.php\/serie\/"},"modified":"2023-10-21T22:12:21","modified_gmt":"2023-10-21T19:12:21","slug":"serie","status":"publish","type":"page","link":"https:\/\/mehmetadaoztekin.com\/index.php\/serie\/?lang=es","title":{"rendered":"Serie"},"content":{"rendered":"<section class=\"wpb-content-wrapper\"><p>[vc_row content_width=&#8221;grid&#8221; css=&#8221;.vc_custom_1493894999907{padding-top: 70px !important;padding-bottom: 45px !important;}&#8221;][vc_column width=&#8221;1\/4&#8243;][\/vc_column][vc_column width=&#8221;1\/2&#8243; offset=&#8221;vc_hidden-lg vc_hidden-md vc_hidden-sm&#8221;][vc_video link=&#8221;https:\/\/vimeo.com\/872145130&#8243;][vc_column_text css=&#8221;.vc_custom_1697914461289{padding-top: 30px !important;}&#8221;]Bodrum Masal\u0131: 2016 &#8211; TMC &#8211; gui\u00f3n: Emre \u00d6zd\u00fcr, Ba\u015far Ba\u015faran[\/vc_column_text][vc_video link=&#8221;https:\/\/vimeo.com\/872142887&#8243; css=&#8221;.vc_custom_1697914543922{padding-top: 30px !important;}&#8221;][vc_column_text css=&#8221;.vc_custom_1697914559077{padding-top: 30px !important;}&#8221;]Madres y Madres: 2015 &#8211; Ay Production &#8211; gui\u00f3n: Berkun Oya[\/vc_column_text][vc_video link=&#8221;https:\/\/vimeo.com\/872147484&#8243; css=&#8221;.vc_custom_1697914610970{padding-top: 30px !important;}&#8221;][vc_column_text css=&#8221;.vc_custom_1697914628527{padding-top: 30px !important;}&#8221;]El Gran Exilio C\u00e1ucaso: 2014 &#8211; 3.14 Producci\u00f3n &#8211; gui\u00f3n: Alican Yara\u015f, \u00d6zge Efendio\u011flu.[\/vc_column_text][vc_video link=&#8221;https:\/\/vimeo.com\/784251829&#8243; css=&#8221;.vc_custom_1697914686368{padding-top: 30px !important;}&#8221;][vc_column_text css=&#8221;.vc_custom_1697914695531{padding-top: 30px !important;}&#8221;]Kuzey G\u00fcney: 2011 &#8211; Ay Production &#8211; gui\u00f3n: Ece Y\u00f6ren\u00e7, Melek Gen\u00e7o\u011flu[\/vc_column_text][\/vc_column][vc_column width=&#8221;1\/4&#8243;][\/vc_column][\/vc_row][vc_row content_width=&#8221;grid&#8221;][vc_column offset=&#8221;vc_hidden-xs&#8221;]<div class = \"edgtf-portfolio-list-holder-outer edgtf-ptf-gallery edgtf-ptf-with-space edgtf-ptf-space-large edgtf-ptf-hover-trim edgtf-ptf-two-columns\" data-next-page= \"2\" data-type= \"gallery\" data-columns= \"2\" data-grid-size= \"three\" data-order-by= \"date\" data-order= \"DESC\" data-number= \"8\" data-image-size= \"full\" data-hover-type= \"trim\" data-filter= \"no\" data-filter-order-by= \"name\" data-category= \"Diziler\" data-show-more= \"none\" data-title-tag= \"h3\" data-max-num-pages = 1><div class = \"edgtf-portfolio-list-holder clearfix\" >\n<article class=\"edgtf-portfolio-item mix portfolio_category_87 edgtf-ptf-hover-enabled\" >\n\t<div class=\"edgtf-portfolio-item-inner\">\n                <a class=\"edgtf-portfolio-link\" href=\"https:\/\/vimeo.com\/872145130\" data-rel=\"prettyPhoto\"><\/a>\n        \t\t<div class=\"edgtf-item-image-holder\">\n\t\t\t<div class=\"edgtf-item-image-holder-inner\">\n\t\t\t\t<img width=\"1920\" height=\"1080\" src=\"https:\/\/mehmetadaoztekin.com\/wp-content\/uploads\/2023\/10\/Bodrum-Masali-fragman.png\" class=\"attachment-full size-full wp-post-image\" alt=\"\" decoding=\"async\" srcset=\"https:\/\/mehmetadaoztekin.com\/wp-content\/uploads\/2023\/10\/Bodrum-Masali-fragman.png 1920w, https:\/\/mehmetadaoztekin.com\/wp-content\/uploads\/2023\/10\/Bodrum-Masali-fragman-300x169.png 300w, https:\/\/mehmetadaoztekin.com\/wp-content\/uploads\/2023\/10\/Bodrum-Masali-fragman-1024x576.png 1024w, https:\/\/mehmetadaoztekin.com\/wp-content\/uploads\/2023\/10\/Bodrum-Masali-fragman-768x432.png 768w, https:\/\/mehmetadaoztekin.com\/wp-content\/uploads\/2023\/10\/Bodrum-Masali-fragman-1536x864.png 1536w\" sizes=\"(max-width: 1920px) 100vw, 1920px\" \/>\t\t\t<\/div>\n\t\t<\/div>\n\t\t<div class=\"edgtf-item-text-overlay\">\n\t\t\t<div class=\"edgtf-item-text-overlay-inner\">\n\t\t\t\t<div class=\"edgtf-item-text-holder\">\n\t<h3 class=\"edgtf-item-title\">\n\t\t<a class =\"edgtf-portfolio-title-link\" href=\"https:\/\/mehmetadaoztekin.com\/index.php\/portfolio-item\/bodrum-masali-2016\/\">\n\t\t\tBodrum Masal\u0131 (2016)\t\t<\/a>\n\t<\/h3>\n    <\/div>\t\t\t<\/div>\n\t\t<\/div>\n\t<\/div>\n<\/article>\n\n\n<article class=\"edgtf-portfolio-item mix portfolio_category_87 edgtf-ptf-hover-enabled\" >\n\t<div class=\"edgtf-portfolio-item-inner\">\n                <a class=\"edgtf-portfolio-link\" href=\"https:\/\/vimeo.com\/872142887\" data-rel=\"prettyPhoto\"><\/a>\n        \t\t<div class=\"edgtf-item-image-holder\">\n\t\t\t<div class=\"edgtf-item-image-holder-inner\">\n\t\t\t\t<img width=\"1920\" height=\"1080\" src=\"https:\/\/mehmetadaoztekin.com\/wp-content\/uploads\/2023\/10\/AnalarveAnneler.png\" class=\"attachment-full size-full wp-post-image\" alt=\"\" decoding=\"async\" srcset=\"https:\/\/mehmetadaoztekin.com\/wp-content\/uploads\/2023\/10\/AnalarveAnneler.png 1920w, https:\/\/mehmetadaoztekin.com\/wp-content\/uploads\/2023\/10\/AnalarveAnneler-300x169.png 300w, https:\/\/mehmetadaoztekin.com\/wp-content\/uploads\/2023\/10\/AnalarveAnneler-1024x576.png 1024w, https:\/\/mehmetadaoztekin.com\/wp-content\/uploads\/2023\/10\/AnalarveAnneler-768x432.png 768w, https:\/\/mehmetadaoztekin.com\/wp-content\/uploads\/2023\/10\/AnalarveAnneler-1536x864.png 1536w\" sizes=\"(max-width: 1920px) 100vw, 1920px\" \/>\t\t\t<\/div>\n\t\t<\/div>\n\t\t<div class=\"edgtf-item-text-overlay\">\n\t\t\t<div class=\"edgtf-item-text-overlay-inner\">\n\t\t\t\t<div class=\"edgtf-item-text-holder\">\n\t<h3 class=\"edgtf-item-title\">\n\t\t<a class =\"edgtf-portfolio-title-link\" href=\"https:\/\/mehmetadaoztekin.com\/index.php\/portfolio-item\/analar-ve-anneler-2015\/\">\n\t\t\tAnalar ve Anneler (2015)\t\t<\/a>\n\t<\/h3>\n    <\/div>\t\t\t<\/div>\n\t\t<\/div>\n\t<\/div>\n<\/article>\n\n\n<article class=\"edgtf-portfolio-item mix portfolio_category_87 edgtf-ptf-hover-enabled\" >\n\t<div class=\"edgtf-portfolio-item-inner\">\n                <a class=\"edgtf-portfolio-link\" href=\"https:\/\/vimeo.com\/872147484\" data-rel=\"prettyPhoto\"><\/a>\n        \t\t<div class=\"edgtf-item-image-holder\">\n\t\t\t<div class=\"edgtf-item-image-holder-inner\">\n\t\t\t\t<img width=\"1920\" height=\"1080\" src=\"https:\/\/mehmetadaoztekin.com\/wp-content\/uploads\/2023\/10\/Buyuk-Surgun-Kafkasya-Fragman.png\" class=\"attachment-full size-full wp-post-image\" alt=\"\" decoding=\"async\" srcset=\"https:\/\/mehmetadaoztekin.com\/wp-content\/uploads\/2023\/10\/Buyuk-Surgun-Kafkasya-Fragman.png 1920w, https:\/\/mehmetadaoztekin.com\/wp-content\/uploads\/2023\/10\/Buyuk-Surgun-Kafkasya-Fragman-300x169.png 300w, https:\/\/mehmetadaoztekin.com\/wp-content\/uploads\/2023\/10\/Buyuk-Surgun-Kafkasya-Fragman-1024x576.png 1024w, https:\/\/mehmetadaoztekin.com\/wp-content\/uploads\/2023\/10\/Buyuk-Surgun-Kafkasya-Fragman-768x432.png 768w, https:\/\/mehmetadaoztekin.com\/wp-content\/uploads\/2023\/10\/Buyuk-Surgun-Kafkasya-Fragman-1536x864.png 1536w\" sizes=\"(max-width: 1920px) 100vw, 1920px\" \/>\t\t\t<\/div>\n\t\t<\/div>\n\t\t<div class=\"edgtf-item-text-overlay\">\n\t\t\t<div class=\"edgtf-item-text-overlay-inner\">\n\t\t\t\t<div class=\"edgtf-item-text-holder\">\n\t<h3 class=\"edgtf-item-title\">\n\t\t<a class =\"edgtf-portfolio-title-link\" href=\"https:\/\/mehmetadaoztekin.com\/index.php\/portfolio-item\/buyuk-surgun-kafkasya-2014\/\">\n\t\t\tB\u00fcy\u00fck S\u00fcrg\u00fcn Kafkasya (2014)\t\t<\/a>\n\t<\/h3>\n    <\/div>\t\t\t<\/div>\n\t\t<\/div>\n\t<\/div>\n<\/article>\n\n\n<article class=\"edgtf-portfolio-item mix portfolio_category_87 edgtf-ptf-hover-enabled\" >\n\t<div class=\"edgtf-portfolio-item-inner\">\n                <a class=\"edgtf-portfolio-link\" href=\"https:\/\/vimeo.com\/784251829\" data-rel=\"prettyPhoto\"><\/a>\n        \t\t<div class=\"edgtf-item-image-holder\">\n\t\t\t<div class=\"edgtf-item-image-holder-inner\">\n\t\t\t\t<img width=\"1920\" height=\"1080\" src=\"https:\/\/mehmetadaoztekin.com\/wp-content\/uploads\/2023\/10\/kuzey-guney.png\" class=\"attachment-full size-full wp-post-image\" alt=\"\" decoding=\"async\" srcset=\"https:\/\/mehmetadaoztekin.com\/wp-content\/uploads\/2023\/10\/kuzey-guney.png 1920w, https:\/\/mehmetadaoztekin.com\/wp-content\/uploads\/2023\/10\/kuzey-guney-300x169.png 300w, https:\/\/mehmetadaoztekin.com\/wp-content\/uploads\/2023\/10\/kuzey-guney-1024x576.png 1024w, https:\/\/mehmetadaoztekin.com\/wp-content\/uploads\/2023\/10\/kuzey-guney-768x432.png 768w, https:\/\/mehmetadaoztekin.com\/wp-content\/uploads\/2023\/10\/kuzey-guney-1536x864.png 1536w\" sizes=\"(max-width: 1920px) 100vw, 1920px\" \/>\t\t\t<\/div>\n\t\t<\/div>\n\t\t<div class=\"edgtf-item-text-overlay\">\n\t\t\t<div class=\"edgtf-item-text-overlay-inner\">\n\t\t\t\t<div class=\"edgtf-item-text-holder\">\n\t<h3 class=\"edgtf-item-title\">\n\t\t<a class =\"edgtf-portfolio-title-link\" href=\"https:\/\/mehmetadaoztekin.com\/index.php\/portfolio-item\/kuzey-guney-2011\/\">\n\t\t\tKuzey G\u00fcney (2011)\t\t<\/a>\n\t<\/h3>\n    <\/div>\t\t\t<\/div>\n\t\t<\/div>\n\t<\/div>\n<\/article>\n\n<div class='edgtf-portfolio-gap'><\/div>\n<div class='edgtf-portfolio-gap'><\/div>\n<\/div><\/div>[\/vc_column][\/vc_row]<\/p>\n<\/section>","protected":false},"excerpt":{"rendered":"<p>[vc_row content_width=&#8221;grid&#8221; css=&#8221;.vc_custom_1493894999907{padding-top: 70px !important;padding-bottom: 45px !important;}&#8221;][vc_column width=&#8221;1\/4&#8243;][\/vc_column][vc_column width=&#8221;1\/2&#8243; offset=&#8221;vc_hidden-lg vc_hidden-md vc_hidden-sm&#8221;][vc_video link=&#8221;https:\/\/vimeo.com\/872145130&#8243;][vc_column_text css=&#8221;.vc_custom_1697914461289{padding-top: 30px !important;}&#8221;]Bodrum Masal\u0131: 2016 &#8211; TMC &#8211; gui\u00f3n: Emre \u00d6zd\u00fcr, Ba\u015far Ba\u015faran[\/vc_column_text][vc_video link=&#8221;https:\/\/vimeo.com\/872142887&#8243; css=&#8221;.vc_custom_1697914543922{padding-top: 30px !important;}&#8221;][vc_column_text css=&#8221;.vc_custom_1697914559077{padding-top: 30px !important;}&#8221;]Madres y Madres: 2015 &#8211; Ay Production &#8211; gui\u00f3n: Berkun Oya[\/vc_column_text][vc_video link=&#8221;https:\/\/vimeo.com\/872147484&#8243; css=&#8221;.vc_custom_1697914610970{padding-top:&#8230;<\/p>\n","protected":false},"author":1,"featured_media":0,"parent":0,"menu_order":0,"comment_status":"closed","ping_status":"closed","template":"full-width.php","meta":{"footnotes":""},"yoast_head":"<!-- This site is optimized with the Yoast SEO plugin v21.4 - https:\/\/yoast.com\/wordpress\/plugins\/seo\/ -->\n<title>Serie - Mehmet Ada \u00d6ztekin<\/title>\n<meta name=\"robots\" content=\"index, follow, max-snippet:-1, max-image-preview:large, max-video-preview:-1\" \/>\n<link rel=\"canonical\" href=\"https:\/\/mehmetadaoztekin.com\/index.php\/serie\/\" \/>\n<meta property=\"og:locale\" content=\"tr_TR\" \/>\n<meta property=\"og:type\" content=\"article\" \/>\n<meta property=\"og:title\" content=\"Serie - Mehmet Ada \u00d6ztekin\" \/>\n<meta property=\"og:description\" content=\"[vc_row content_width=&#8221;grid&#8221; css=&#8221;.vc_custom_1493894999907{padding-top: 70px !important;padding-bottom: 45px !important;}&#8221;][vc_column width=&#8221;1\/4&#8243;][\/vc_column][vc_column width=&#8221;1\/2&#8243; offset=&#8221;vc_hidden-lg vc_hidden-md vc_hidden-sm&#8221;][vc_video link=&#8221;https:\/\/vimeo.com\/872145130&#8243;][vc_column_text css=&#8221;.vc_custom_1697914461289{padding-top: 30px !important;}&#8221;]Bodrum Masal\u0131: 2016 &#8211; TMC &#8211; gui\u00f3n: Emre \u00d6zd\u00fcr, Ba\u015far Ba\u015faran[\/vc_column_text][vc_video link=&#8221;https:\/\/vimeo.com\/872142887&#8243; css=&#8221;.vc_custom_1697914543922{padding-top: 30px !important;}&#8221;][vc_column_text css=&#8221;.vc_custom_1697914559077{padding-top: 30px !important;}&#8221;]Madres y Madres: 2015 &#8211; Ay Production &#8211; gui\u00f3n: Berkun Oya[\/vc_column_text][vc_video link=&#8221;https:\/\/vimeo.com\/872147484&#8243; css=&#8221;.vc_custom_1697914610970{padding-top:...\" \/>\n<meta property=\"og:url\" content=\"https:\/\/mehmetadaoztekin.com\/index.php\/serie\/?lang=es\" \/>\n<meta property=\"og:site_name\" content=\"Mehmet Ada \u00d6ztekin\" \/>\n<meta property=\"article:modified_time\" content=\"2023-10-21T19:12:21+00:00\" \/>\n<meta property=\"og:image\" content=\"https:\/\/mehmetadaoztekin.com\/wp-content\/uploads\/2017\/05\/Ataturk_04.jpg\" \/>\n\t<meta property=\"og:image:width\" content=\"1080\" \/>\n\t<meta property=\"og:image:height\" content=\"1620\" \/>\n\t<meta property=\"og:image:type\" content=\"image\/jpeg\" \/>\n<meta name=\"twitter:card\" content=\"summary_large_image\" \/>\n<meta name=\"twitter:label1\" content=\"Tahmini okuma s\u00fcresi\" \/>\n\t<meta name=\"twitter:data1\" content=\"1 dakika\" \/>\n<script type=\"application\/ld+json\" class=\"yoast-schema-graph\">{\"@context\":\"https:\/\/schema.org\",\"@graph\":[{\"@type\":\"WebPage\",\"@id\":\"https:\/\/mehmetadaoztekin.com\/index.php\/serie\/?lang=es\",\"url\":\"https:\/\/mehmetadaoztekin.com\/index.php\/serie\/?lang=es\",\"name\":\"Serie - Mehmet Ada \u00d6ztekin\",\"isPartOf\":{\"@id\":\"https:\/\/mehmetadaoztekin.com\/#website\"},\"datePublished\":\"2023-10-08T19:19:42+00:00\",\"dateModified\":\"2023-10-21T19:12:21+00:00\",\"breadcrumb\":{\"@id\":\"https:\/\/mehmetadaoztekin.com\/index.php\/serie\/?lang=es#breadcrumb\"},\"inLanguage\":\"tr\",\"potentialAction\":[{\"@type\":\"ReadAction\",\"target\":[\"https:\/\/mehmetadaoztekin.com\/index.php\/serie\/?lang=es\"]}]},{\"@type\":\"BreadcrumbList\",\"@id\":\"https:\/\/mehmetadaoztekin.com\/index.php\/serie\/?lang=es#breadcrumb\",\"itemListElement\":[{\"@type\":\"ListItem\",\"position\":1,\"name\":\"Anasayfa\",\"item\":\"https:\/\/mehmetadaoztekin.com\/\"},{\"@type\":\"ListItem\",\"position\":2,\"name\":\"Serie\"}]},{\"@type\":\"WebSite\",\"@id\":\"https:\/\/mehmetadaoztekin.com\/#website\",\"url\":\"https:\/\/mehmetadaoztekin.com\/\",\"name\":\"Mehmet Ada \u00d6ztekin\",\"description\":\"| Director\",\"publisher\":{\"@id\":\"https:\/\/mehmetadaoztekin.com\/#\/schema\/person\/7a1af24e8ae8da993f19880246de9191\"},\"potentialAction\":[{\"@type\":\"SearchAction\",\"target\":{\"@type\":\"EntryPoint\",\"urlTemplate\":\"https:\/\/mehmetadaoztekin.com\/?s={search_term_string}\"},\"query-input\":\"required name=search_term_string\"}],\"inLanguage\":\"tr\"},{\"@type\":[\"Person\",\"Organization\"],\"@id\":\"https:\/\/mehmetadaoztekin.com\/#\/schema\/person\/7a1af24e8ae8da993f19880246de9191\",\"name\":\"Mehmet Ada \u00d6ztekin\",\"image\":{\"@type\":\"ImageObject\",\"inLanguage\":\"tr\",\"@id\":\"https:\/\/mehmetadaoztekin.com\/#\/schema\/person\/image\/\",\"url\":\"https:\/\/mehmetadaoztekin.com\/wp-content\/uploads\/2017\/05\/Ataturk_04.jpg\",\"contentUrl\":\"https:\/\/mehmetadaoztekin.com\/wp-content\/uploads\/2017\/05\/Ataturk_04.jpg\",\"width\":1080,\"height\":1620,\"caption\":\"Mehmet Ada \u00d6ztekin\"},\"logo\":{\"@id\":\"https:\/\/mehmetadaoztekin.com\/#\/schema\/person\/image\/\"},\"sameAs\":[\"https:\/\/mehmetadaoztekin.com\"]}]}<\/script>\n<!-- \/ Yoast SEO plugin. -->","yoast_head_json":{"title":"Serie - Mehmet Ada \u00d6ztekin","robots":{"index":"index","follow":"follow","max-snippet":"max-snippet:-1","max-image-preview":"max-image-preview:large","max-video-preview":"max-video-preview:-1"},"canonical":"https:\/\/mehmetadaoztekin.com\/index.php\/serie\/","og_locale":"tr_TR","og_type":"article","og_title":"Serie - Mehmet Ada \u00d6ztekin","og_description":"[vc_row content_width=&#8221;grid&#8221; css=&#8221;.vc_custom_1493894999907{padding-top: 70px !important;padding-bottom: 45px !important;}&#8221;][vc_column width=&#8221;1\/4&#8243;][\/vc_column][vc_column width=&#8221;1\/2&#8243; offset=&#8221;vc_hidden-lg vc_hidden-md vc_hidden-sm&#8221;][vc_video link=&#8221;https:\/\/vimeo.com\/872145130&#8243;][vc_column_text css=&#8221;.vc_custom_1697914461289{padding-top: 30px !important;}&#8221;]Bodrum Masal\u0131: 2016 &#8211; TMC &#8211; gui\u00f3n: Emre \u00d6zd\u00fcr, Ba\u015far Ba\u015faran[\/vc_column_text][vc_video link=&#8221;https:\/\/vimeo.com\/872142887&#8243; css=&#8221;.vc_custom_1697914543922{padding-top: 30px !important;}&#8221;][vc_column_text css=&#8221;.vc_custom_1697914559077{padding-top: 30px !important;}&#8221;]Madres y Madres: 2015 &#8211; Ay Production &#8211; gui\u00f3n: Berkun Oya[\/vc_column_text][vc_video link=&#8221;https:\/\/vimeo.com\/872147484&#8243; css=&#8221;.vc_custom_1697914610970{padding-top:...","og_url":"https:\/\/mehmetadaoztekin.com\/index.php\/serie\/?lang=es","og_site_name":"Mehmet Ada \u00d6ztekin","article_modified_time":"2023-10-21T19:12:21+00:00","og_image":[{"width":1080,"height":1620,"url":"https:\/\/mehmetadaoztekin.com\/wp-content\/uploads\/2017\/05\/Ataturk_04.jpg","type":"image\/jpeg"}],"twitter_card":"summary_large_image","twitter_misc":{"Tahmini okuma s\u00fcresi":"1 dakika"},"schema":{"@context":"https:\/\/schema.org","@graph":[{"@type":"WebPage","@id":"https:\/\/mehmetadaoztekin.com\/index.php\/serie\/?lang=es","url":"https:\/\/mehmetadaoztekin.com\/index.php\/serie\/?lang=es","name":"Serie - Mehmet Ada \u00d6ztekin","isPartOf":{"@id":"https:\/\/mehmetadaoztekin.com\/#website"},"datePublished":"2023-10-08T19:19:42+00:00","dateModified":"2023-10-21T19:12:21+00:00","breadcrumb":{"@id":"https:\/\/mehmetadaoztekin.com\/index.php\/serie\/?lang=es#breadcrumb"},"inLanguage":"tr","potentialAction":[{"@type":"ReadAction","target":["https:\/\/mehmetadaoztekin.com\/index.php\/serie\/?lang=es"]}]},{"@type":"BreadcrumbList","@id":"https:\/\/mehmetadaoztekin.com\/index.php\/serie\/?lang=es#breadcrumb","itemListElement":[{"@type":"ListItem","position":1,"name":"Anasayfa","item":"https:\/\/mehmetadaoztekin.com\/"},{"@type":"ListItem","position":2,"name":"Serie"}]},{"@type":"WebSite","@id":"https:\/\/mehmetadaoztekin.com\/#website","url":"https:\/\/mehmetadaoztekin.com\/","name":"Mehmet Ada \u00d6ztekin","description":"| Director","publisher":{"@id":"https:\/\/mehmetadaoztekin.com\/#\/schema\/person\/7a1af24e8ae8da993f19880246de9191"},"potentialAction":[{"@type":"SearchAction","target":{"@type":"EntryPoint","urlTemplate":"https:\/\/mehmetadaoztekin.com\/?s={search_term_string}"},"query-input":"required name=search_term_string"}],"inLanguage":"tr"},{"@type":["Person","Organization"],"@id":"https:\/\/mehmetadaoztekin.com\/#\/schema\/person\/7a1af24e8ae8da993f19880246de9191","name":"Mehmet Ada \u00d6ztekin","image":{"@type":"ImageObject","inLanguage":"tr","@id":"https:\/\/mehmetadaoztekin.com\/#\/schema\/person\/image\/","url":"https:\/\/mehmetadaoztekin.com\/wp-content\/uploads\/2017\/05\/Ataturk_04.jpg","contentUrl":"https:\/\/mehmetadaoztekin.com\/wp-content\/uploads\/2017\/05\/Ataturk_04.jpg","width":1080,"height":1620,"caption":"Mehmet Ada \u00d6ztekin"},"logo":{"@id":"https:\/\/mehmetadaoztekin.com\/#\/schema\/person\/image\/"},"sameAs":["https:\/\/mehmetadaoztekin.com"]}]}},"_links":{"self":[{"href":"https:\/\/mehmetadaoztekin.com\/index.php\/wp-json\/wp\/v2\/pages\/4904"}],"collection":[{"href":"https:\/\/mehmetadaoztekin.com\/index.php\/wp-json\/wp\/v2\/pages"}],"about":[{"href":"https:\/\/mehmetadaoztekin.com\/index.php\/wp-json\/wp\/v2\/types\/page"}],"author":[{"embeddable":true,"href":"https:\/\/mehmetadaoztekin.com\/index.php\/wp-json\/wp\/v2\/users\/1"}],"replies":[{"embeddable":true,"href":"https:\/\/mehmetadaoztekin.com\/index.php\/wp-json\/wp\/v2\/comments?post=4904"}],"version-history":[{"count":4,"href":"https:\/\/mehmetadaoztekin.com\/index.php\/wp-json\/wp\/v2\/pages\/4904\/revisions"}],"predecessor-version":[{"id":5557,"href":"https:\/\/mehmetadaoztekin.com\/index.php\/wp-json\/wp\/v2\/pages\/4904\/revisions\/5557"}],"wp:attachment":[{"href":"https:\/\/mehmetadaoztekin.com\/index.php\/wp-json\/wp\/v2\/media?parent=4904"}],"curies":[{"name":"wp","href":"https:\/\/api.w.org\/{rel}","templated":true}]}}